{"id":3883,"date":"2020-03-05T09:26:05","date_gmt":"2020-03-05T09:26:05","guid":{"rendered":"https:\/\/good-search.org\/about\/?page_id=3883"},"modified":"2023-03-21T12:20:21","modified_gmt":"2023-03-21T12:20:21","slug":"magazin","status":"publish","type":"page","link":"https:\/\/good-search.org\/about\/magazin\/","title":{"rendered":"Magazin"},"content":{"rendered":"<style type=\"text\/css\"> \n#cmsmasters_row_69e4537703d5f1_19354926 .cmsmasters_row_outer_parent { \n\tpadding-top: 10px; \n} \n\n#cmsmasters_row_69e4537703d5f1_19354926 .cmsmasters_row_outer_parent { \n\tpadding-bottom: 30px; \n} \n\n<\/style><div id=\"cmsmasters_row_69e4537703d5f1_19354926\" class=\"cmsmasters_row cmsmasters_color_scheme_default cmsmasters_row_top_default cmsmasters_row_bot_default cmsmasters_row_boxed\">\n<div class=\"cmsmasters_row_outer_parent\">\n<div class=\"cmsmasters_row_outer\">\n<div class=\"cmsmasters_row_inner\">\n<div class=\"cmsmasters_row_margin\">\n<div class=\"cmsmasters_column one_first\">\n<div class=\"cmsmasters_text\">\n<h1 style=\"text-align: center;\">Magazin<\/h1>\n<p style=\"text-align: center;\">Wie neue Initiativen die Welt positiv ver\u00e4ndern<\/p>\n<p>&nbsp;<\/p>\n<\/div>\n<\/div>\n<div class=\"cmsmasters_column one_first\">\n<div class=\"cmsmasters_wrap_blog entry-summary\" id=\"blog_69e45377040487_98261343\"><script type=\"text\/javascript\">\r\njQuery(document).ready(function () {\r\n\t(function ($) {\r\n\t\tif ($('#blog_69e45377040487_98261343').find('article').length == '0') {\r\n\t\t\treturn false;\r\n\t\t}\r\n\t\t\r\n\t\t\r\n\t\tstartBlog( \r\n\t\t\t'69e45377040487_98261343', \r\n\t\t\t'columns', \r\n\t\t\t'grid', \r\n\t\t\t'https:\/\/good-search.org\/about\/wp-content\/plugins\/cmsmasters-content-composer\/', \r\n\t\t\t'date', \r\n\t\t\t'DESC', \r\n\t\t\t'8', \r\n\t\t\t'', \r\n\t\t\t'date' \r\n\t\t);\r\n\t} )(jQuery);\r\n} );\r\n<\/script>\r\n<div class=\"blog columns grid cmsmasters_4\">\r\n<!-- Start Standard Article -->\r\n\r\n<article id=\"post-15575\" class=\"cmsmasters_post_masonry post-15575 post type-post status-publish format-standard has-post-thumbnail hentry category-allgemein-en\" data-category=\"allgemein-en\">\r\n\t<div class=\"cmsmasters_post_cont\">\r\n\t\t<figure class=\"cmsmasters_img_wrap\"><a href=\"https:\/\/good-search.org\/about\/blog\/goodbye-google\/\" title=\"Goodbye Google? Sieben Gr\u00fcnde, warum eine Big-Tech-freie Suchmaschine die bessere Wahl ist\" class=\"cmsmasters_img_link preloader\"><img loading=\"lazy\" decoding=\"async\" width=\"580\" height=\"360\" src=\"https:\/\/good-search.org\/about\/wp-content\/uploads\/2025\/04\/frogs-1037868_1920_Image-by-Alexa-from-Pixabay-580x360.jpg\" class=\"full-width wp-post-image\" alt=\"Goodbye Google? Sieben Gr\u00fcnde, warum eine Big-Tech-freie Suchmaschine die bessere Wahl ist\" title=\"Goodbye Google? Sieben Gr\u00fcnde, warum eine Big-Tech-freie Suchmaschine die bessere Wahl ist\" \/><\/a><\/figure><div class=\"cmsmasters_post_cont_wrapper\"><div class=\"cmsmasters_post_info entry-meta\"><span class=\"cmsmasters_post_date\">On <abbr class=\"published\" title=\"8. April 2025\">8. April 2025<\/abbr><abbr class=\"dn date updated\" title=\"8. April 2025\">8. April 2025<\/abbr><\/span><\/div><div class=\"cmsmasters_post_info_bottom entry-meta\"><header class=\"cmsmasters_post_header entry-header\"><h3 class=\"cmsmasters_post_title entry-title\"><a href=\"https:\/\/good-search.org\/about\/blog\/goodbye-google\/\">Goodbye Google? Sieben Gr\u00fcnde, warum eine Big-Tech-freie Suchmaschine die bessere Wahl ist<\/a><\/h3><\/header><div class=\"cmsmasters_post_content entry-content\">\n<p>Suchmaschinen pr\u00e4gen unser Weltbild \u2013 doch viele dienen vor allem dem Profit. Sieben starke Gr\u00fcnde, warum eine unabh\u00e4ngige, werbefreie Alternative wie GOOD Search die bessere Wahl ist.<\/p>\n<\/div>\n<\/div><\/div>\t<\/div>\r\n<\/article>\r\n<!-- Finish Standard Article -->\r\n\r\n\r\n<!-- Start Standard Article -->\r\n\r\n<article id=\"post-15276\" class=\"cmsmasters_post_masonry post-15276 post type-post status-publish format-standard has-post-thumbnail hentry category-allgemein-en\" data-category=\"allgemein-en\">\r\n\t<div class=\"cmsmasters_post_cont\">\r\n\t\t<figure class=\"cmsmasters_img_wrap\"><a href=\"https:\/\/good-search.org\/about\/blog\/interview-mit-rudayna-abdo\/\" title=\"&#8222;Mich hat die Ungerechtigkeit bewegt, die Kinder durch Krieg und Vertreibung erleiden m\u00fcssen\u201c &#8211; Interview mit Rudayna Abdo\" class=\"cmsmasters_img_link preloader\"><img loading=\"lazy\" decoding=\"async\" width=\"580\" height=\"360\" src=\"https:\/\/good-search.org\/about\/wp-content\/uploads\/2024\/10\/Borderless-2022-SM-580x360.jpg\" class=\"full-width wp-post-image\" alt=\"&#8222;Mich hat die Ungerechtigkeit bewegt, die Kinder durch Krieg und Vertreibung erleiden m\u00fcssen\u201c &#8211; Interview mit Rudayna Abdo\" title=\"&#8222;Mich hat die Ungerechtigkeit bewegt, die Kinder durch Krieg und Vertreibung erleiden m\u00fcssen\u201c &#8211; Interview mit Rudayna Abdo\" \/><\/a><\/figure><div class=\"cmsmasters_post_cont_wrapper\"><div class=\"cmsmasters_post_info entry-meta\"><span class=\"cmsmasters_post_date\">On <abbr class=\"published\" title=\"8. November 2024\">8. November 2024<\/abbr><abbr class=\"dn date updated\" title=\"8. November 2024\">8. November 2024<\/abbr><\/span><\/div><div class=\"cmsmasters_post_info_bottom entry-meta\"><header class=\"cmsmasters_post_header entry-header\"><h3 class=\"cmsmasters_post_title entry-title\"><a href=\"https:\/\/good-search.org\/about\/blog\/interview-mit-rudayna-abdo\/\">&#8222;Mich hat die Ungerechtigkeit bewegt, die Kinder durch Krieg und Vertreibung erleiden m\u00fcssen\u201c &#8211; Interview mit Rudayna Abdo<\/a><\/h3><\/header><div class=\"cmsmasters_post_content entry-content\">\n<p>Rudayna Abdo hat ihre Karriere komplett umgeworfen, um ein Bildungssystem f\u00fcr gef\u00e4hrdete Kinder und Fl\u00fcchtlingskinder im Libanon aufzubauen, die aufgrund der politischen Lage keine Schule besuchen k\u00f6nnen.<\/p>\n<\/div>\n<\/div><\/div>\t<\/div>\r\n<\/article>\r\n<!-- Finish Standard Article -->\r\n\r\n\r\n<!-- Start Standard Article -->\r\n\r\n<article id=\"post-15239\" class=\"cmsmasters_post_masonry post-15239 post type-post status-publish format-standard has-post-thumbnail hentry category-uncategorized\" data-category=\"uncategorized\">\r\n\t<div class=\"cmsmasters_post_cont\">\r\n\t\t<figure class=\"cmsmasters_img_wrap\"><a href=\"https:\/\/good-search.org\/about\/blog\/purpose-over-profit-die-websuche-good-wird-100-werbefrei\/\" title=\"Purpose over Profit: Die Websuche GOOD wird 100% werbefrei\" class=\"cmsmasters_img_link preloader\"><img loading=\"lazy\" decoding=\"async\" width=\"580\" height=\"360\" src=\"https:\/\/good-search.org\/about\/wp-content\/uploads\/2024\/10\/Screenshot_GOOD_Megafon-580x360.png\" class=\"full-width wp-post-image\" alt=\"Purpose over Profit: Die Websuche GOOD wird 100% werbefrei\" title=\"Purpose over Profit: Die Websuche GOOD wird 100% werbefrei\" srcset=\"https:\/\/good-search.org\/about\/wp-content\/uploads\/2024\/10\/Screenshot_GOOD_Megafon-580x359.png 580w, https:\/\/good-search.org\/about\/wp-content\/uploads\/2024\/10\/Screenshot_GOOD_Megafon-300x186.png 300w, https:\/\/good-search.org\/about\/wp-content\/uploads\/2024\/10\/Screenshot_GOOD_Megafon.png 633w\" sizes=\"(max-width: 580px) 100vw, 580px\" \/><\/a><\/figure><div class=\"cmsmasters_post_cont_wrapper\"><div class=\"cmsmasters_post_info entry-meta\"><span class=\"cmsmasters_post_date\">On <abbr class=\"published\" title=\"27. Oktober 2024\">27. Oktober 2024<\/abbr><abbr class=\"dn date updated\" title=\"19. November 2024\">19. November 2024<\/abbr><\/span><\/div><div class=\"cmsmasters_post_info_bottom entry-meta\"><header class=\"cmsmasters_post_header entry-header\"><h3 class=\"cmsmasters_post_title entry-title\"><a href=\"https:\/\/good-search.org\/about\/blog\/purpose-over-profit-die-websuche-good-wird-100-werbefrei\/\">Purpose over Profit: Die Websuche GOOD wird 100% werbefrei<\/a><\/h3><\/header><div class=\"cmsmasters_post_content entry-content\">\n<p>GOOD steht f\u00fcr Purpose over Profit. Wir ziehen jetzt den logischen Schluss: Unsere Websuche ist k\u00fcnftig 100% werbefrei und unabh\u00e4ngig von Big Tech. Dies verbessert signifikant die Sucherfahrung, st\u00e4rkt die digitale Souver\u00e4nit\u00e4t und verbessert die CO2-Bilanz. <\/p>\n<\/div>\n<\/div><\/div>\t<\/div>\r\n<\/article>\r\n<!-- Finish Standard Article -->\r\n\r\n\r\n<!-- Start Standard Article -->\r\n\r\n<article id=\"post-15072\" class=\"cmsmasters_post_masonry post-15072 post type-post status-publish format-standard has-post-thumbnail hentry category-allgemein-en\" data-category=\"allgemein-en\">\r\n\t<div class=\"cmsmasters_post_cont\">\r\n\t\t<figure class=\"cmsmasters_img_wrap\"><a href=\"https:\/\/good-search.org\/about\/blog\/unternehmen-sind-sensibel-fuer-kundenfeedback-interview-mit-jennifer-timrott\/\" title=\"Unternehmen sind sensibel f\u00fcr Kundenfeedback \u2013 Interview mit Jennifer Timrott\" class=\"cmsmasters_img_link preloader\"><img loading=\"lazy\" decoding=\"async\" width=\"580\" height=\"360\" src=\"https:\/\/good-search.org\/about\/wp-content\/uploads\/2024\/10\/kueste-gegen-plastik-580x360.jpg\" class=\"full-width wp-post-image\" alt=\"Unternehmen sind sensibel f\u00fcr Kundenfeedback \u2013 Interview mit Jennifer Timrott\" title=\"Unternehmen sind sensibel f\u00fcr Kundenfeedback \u2013 Interview mit Jennifer Timrott\" \/><\/a><\/figure><div class=\"cmsmasters_post_cont_wrapper\"><div class=\"cmsmasters_post_info entry-meta\"><span class=\"cmsmasters_post_date\">On <abbr class=\"published\" title=\"23. Oktober 2024\">23. Oktober 2024<\/abbr><abbr class=\"dn date updated\" title=\"28. Oktober 2024\">28. Oktober 2024<\/abbr><\/span><\/div><div class=\"cmsmasters_post_info_bottom entry-meta\"><header class=\"cmsmasters_post_header entry-header\"><h3 class=\"cmsmasters_post_title entry-title\"><a href=\"https:\/\/good-search.org\/about\/blog\/unternehmen-sind-sensibel-fuer-kundenfeedback-interview-mit-jennifer-timrott\/\">Unternehmen sind sensibel f\u00fcr Kundenfeedback \u2013 Interview mit Jennifer Timrott<\/a><\/h3><\/header><div class=\"cmsmasters_post_content entry-content\">\n<p>Jennifer Timrott ist Umweltaktivistin der besonderen Art. Sie aktiviert Verbraucher:innen f\u00fcr den Kampf gegen unn\u00fctze Plastik- oder Einwegverpackungen \u2013 smart per App. <\/p>\n<\/div>\n<\/div><\/div>\t<\/div>\r\n<\/article>\r\n<!-- Finish Standard Article -->\r\n\r\n\r\n<!-- Start Standard Article -->\r\n\r\n<article id=\"post-15046\" class=\"cmsmasters_post_masonry post-15046 post type-post status-publish format-standard has-post-thumbnail hentry category-allgemein-en category-projekt\" data-category=\"allgemein-en projekt\">\r\n\t<div class=\"cmsmasters_post_cont\">\r\n\t\t<figure class=\"cmsmasters_img_wrap\"><a href=\"https:\/\/good-search.org\/about\/blog\/interview-frederik-hornung\/\" title=\"\u201eWir wollen die Sportbranche nachhaltiger machen.\u201c \u2014 Interview mit Frederik Hornung\" class=\"cmsmasters_img_link preloader\"><img loading=\"lazy\" decoding=\"async\" width=\"580\" height=\"360\" src=\"https:\/\/good-search.org\/about\/wp-content\/uploads\/2024\/07\/ZamBam_Frederik_DSC_0034-580x360.jpg\" class=\"full-width wp-post-image\" alt=\"\u201eWir wollen die Sportbranche nachhaltiger machen.\u201c \u2014 Interview mit Frederik Hornung\" title=\"\u201eWir wollen die Sportbranche nachhaltiger machen.\u201c \u2014 Interview mit Frederik Hornung\" \/><\/a><\/figure><div class=\"cmsmasters_post_cont_wrapper\"><div class=\"cmsmasters_post_info entry-meta\"><span class=\"cmsmasters_post_date\">On <abbr class=\"published\" title=\"9. Juli 2024\">9. Juli 2024<\/abbr><abbr class=\"dn date updated\" title=\"10. Juli 2024\">10. Juli 2024<\/abbr><\/span><\/div><div class=\"cmsmasters_post_info_bottom entry-meta\"><header class=\"cmsmasters_post_header entry-header\"><h3 class=\"cmsmasters_post_title entry-title\"><a href=\"https:\/\/good-search.org\/about\/blog\/interview-frederik-hornung\/\">\u201eWir wollen die Sportbranche nachhaltiger machen.\u201c \u2014 Interview mit Frederik Hornung<\/a><\/h3><\/header><div class=\"cmsmasters_post_content entry-content\">\n<p>Frederik Hornung ist ein Macher. Seine Antworten sind auf den Punkt gebrachte Stichworte. Mit dem gleichen Schwung hat er seine Idee der nachhaltigen Schienbeinschoner an den Start gebracht.\u00a0<\/p>\n<\/div>\n<\/div><\/div>\t<\/div>\r\n<\/article>\r\n<!-- Finish Standard Article -->\r\n\r\n\r\n<!-- Start Standard Article -->\r\n\r\n<article id=\"post-14806\" class=\"cmsmasters_post_masonry post-14806 post type-post status-publish format-standard has-post-thumbnail hentry category-allgemein-en category-projekt\" data-category=\"allgemein-en projekt\">\r\n\t<div class=\"cmsmasters_post_cont\">\r\n\t\t<figure class=\"cmsmasters_img_wrap\"><a href=\"https:\/\/good-search.org\/about\/blog\/interview_neu\/\" title=\"&#8222;Business as usual ist nicht gut genug, um die heutigen Herausforderungen zu l\u00f6sen.&#8220; \u2014 Interview mit Jeroen de Lange\" class=\"cmsmasters_img_link preloader\"><img loading=\"lazy\" decoding=\"async\" width=\"580\" height=\"360\" src=\"https:\/\/good-search.org\/about\/wp-content\/uploads\/2024\/06\/Bildschirmfoto-2024-07-01-um-14.03.45-580x360.png\" class=\"full-width wp-post-image\" alt=\"&#8222;Business as usual ist nicht gut genug, um die heutigen Herausforderungen zu l\u00f6sen.&#8220; \u2014 Interview mit Jeroen de Lange\" title=\"&#8222;Business as usual ist nicht gut genug, um die heutigen Herausforderungen zu l\u00f6sen.&#8220; \u2014 Interview mit Jeroen de Lange\" \/><\/a><\/figure><div class=\"cmsmasters_post_cont_wrapper\"><div class=\"cmsmasters_post_info entry-meta\"><span class=\"cmsmasters_post_date\">On <abbr class=\"published\" title=\"26. Juni 2024\">26. Juni 2024<\/abbr><abbr class=\"dn date updated\" title=\"10. Juli 2024\">10. Juli 2024<\/abbr><\/span><\/div><div class=\"cmsmasters_post_info_bottom entry-meta\"><header class=\"cmsmasters_post_header entry-header\"><h3 class=\"cmsmasters_post_title entry-title\"><a href=\"https:\/\/good-search.org\/about\/blog\/interview_neu\/\">&#8222;Business as usual ist nicht gut genug, um die heutigen Herausforderungen zu l\u00f6sen.&#8220; \u2014 Interview mit Jeroen de Lange<\/a><\/h3><\/header><div class=\"cmsmasters_post_content entry-content\">\n<p>Jeroen de Lange hat die Non-Profit 100WEEKS gegr\u00fcndet, um den Kreislauf der Armut zu durchbrechen. Das Erfolgsrezept sind bedingungslose Geldtransfers und Coachings f\u00fcr Frauen.<\/p>\n<\/div>\n<\/div><\/div>\t<\/div>\r\n<\/article>\r\n<!-- Finish Standard Article -->\r\n\r\n\r\n<!-- Start Standard Article -->\r\n\r\n<article id=\"post-14809\" class=\"cmsmasters_post_masonry post-14809 post type-post status-publish format-standard has-post-thumbnail hentry category-allgemein-en category-the-generation-forest\" data-category=\"allgemein-en the-generation-forest\">\r\n\t<div class=\"cmsmasters_post_cont\">\r\n\t\t<figure class=\"cmsmasters_img_wrap\"><a href=\"https:\/\/good-search.org\/about\/blog\/aufforstung-von-regenwald-so-gross-wie-fussballfelder\/\" title=\"Kampagne zur UEFA EURO 2024: Aufforstung von Regenwald so gro\u00df wie Fu\u00dfballfelder\" class=\"cmsmasters_img_link preloader\"><img loading=\"lazy\" decoding=\"async\" width=\"580\" height=\"360\" src=\"https:\/\/good-search.org\/about\/wp-content\/uploads\/2024\/06\/Generation_Forest_EM_Kampagne-580x360.png\" class=\"full-width wp-post-image\" alt=\"Kampagne zur UEFA EURO 2024: Aufforstung von Regenwald so gro\u00df wie Fu\u00dfballfelder\" title=\"Kampagne zur UEFA EURO 2024: Aufforstung von Regenwald so gro\u00df wie Fu\u00dfballfelder\" \/><\/a><\/figure><div class=\"cmsmasters_post_cont_wrapper\"><div class=\"cmsmasters_post_info entry-meta\"><span class=\"cmsmasters_post_date\">On <abbr class=\"published\" title=\"25. Juni 2024\">25. Juni 2024<\/abbr><abbr class=\"dn date updated\" title=\"5. Juli 2024\">5. Juli 2024<\/abbr><\/span><\/div><div class=\"cmsmasters_post_info_bottom entry-meta\"><header class=\"cmsmasters_post_header entry-header\"><h3 class=\"cmsmasters_post_title entry-title\"><a href=\"https:\/\/good-search.org\/about\/blog\/aufforstung-von-regenwald-so-gross-wie-fussballfelder\/\">Kampagne zur UEFA EURO 2024: Aufforstung von Regenwald so gro\u00df wie Fu\u00dfballfelder<\/a><\/h3><\/header><div class=\"cmsmasters_post_content entry-content\">\n<p>Wir kennen das Generation Forest-Projekt vor Ort in Panama seit der ersten Stunde und lieben es. Ein guter Grund, die aktuelle Kampagne zur EM zu unterst\u00fctzen!<\/p>\n<\/div>\n<\/div><\/div>\t<\/div>\r\n<\/article>\r\n<!-- Finish Standard Article -->\r\n\r\n\r\n<!-- Start Standard Article -->\r\n\r\n<article id=\"post-14734\" class=\"cmsmasters_post_masonry post-14734 post type-post status-publish format-standard has-post-thumbnail hentry category-allgemein-en category-projekt\" data-category=\"allgemein-en projekt\">\r\n\t<div class=\"cmsmasters_post_cont\">\r\n\t\t<figure class=\"cmsmasters_img_wrap\"><a href=\"https:\/\/good-search.org\/about\/blog\/partnerschaft-mit-enactus-neun-aussergewoehnliche-startup-ideen-von-studierenden\/\" title=\"Neun au\u00dfergew\u00f6hnliche Startup-Ideen von Enactus Studierenden, die uns um die Welt f\u00fchren.\" class=\"cmsmasters_img_link preloader\"><img loading=\"lazy\" decoding=\"async\" width=\"580\" height=\"360\" src=\"https:\/\/good-search.org\/about\/wp-content\/uploads\/2021\/12\/IMG_6385-580x360.jpeg\" class=\"full-width wp-post-image\" alt=\"Neun au\u00dfergew\u00f6hnliche Startup-Ideen von Enactus Studierenden, die uns um die Welt f\u00fchren.\" title=\"Neun au\u00dfergew\u00f6hnliche Startup-Ideen von Enactus Studierenden, die uns um die Welt f\u00fchren.\" \/><\/a><\/figure><div class=\"cmsmasters_post_cont_wrapper\"><div class=\"cmsmasters_post_info entry-meta\"><span class=\"cmsmasters_post_date\">On <abbr class=\"published\" title=\"10. Mai 2024\">10. Mai 2024<\/abbr><abbr class=\"dn date updated\" title=\"11. Juli 2024\">11. Juli 2024<\/abbr><\/span><\/div><div class=\"cmsmasters_post_info_bottom entry-meta\"><header class=\"cmsmasters_post_header entry-header\"><h3 class=\"cmsmasters_post_title entry-title\"><a href=\"https:\/\/good-search.org\/about\/blog\/partnerschaft-mit-enactus-neun-aussergewoehnliche-startup-ideen-von-studierenden\/\">Neun au\u00dfergew\u00f6hnliche Startup-Ideen von Enactus Studierenden, die uns um die Welt f\u00fchren.<\/a><\/h3><\/header><div class=\"cmsmasters_post_content entry-content\">\n<p>Entrepreneurial Action f\u00fcr eine bessere Welt! \u00dcber das weltweite Enactus Netzwerk entwickeln Studierende auf ihrem Campus unternehmerische L\u00f6sungen, die die Welt positiv ver\u00e4ndern. Hier zeigen wir unsere Favoriten!<\/p>\n<\/div>\n<\/div><\/div>\t<\/div>\r\n<\/article>\r\n<!-- Finish Standard Article -->\r\n\r\n<\/div><div class=\"cmsmasters_wrap_more_posts cmsmasters_wrap_more_items\"><div class=\"cmsmasters_wrap_post_loader cmsmasters_wrap_items_loader\">\r\n\t\t\t\t\t<a href=\"javascript:void(0);\" class=\"cmsmasters_button cmsmasters_post_loader cmsmasters_items_loader\">\r\n\t\t\t\t\t\t<span>Mehr laden<\/span>\r\n\t\t\t\t\t<\/a>\r\n\t\t\t\t<\/div><\/div><\/div>\n<\/div>\n<div class=\"cmsmasters_column one_first\">\n<\/div>\n<\/div>\n<\/div>\n<\/div>\n<\/div>\n<\/div>\n\n","protected":false},"excerpt":{"rendered":"","protected":false},"author":1,"featured_media":0,"parent":0,"menu_order":0,"comment_status":"closed","ping_status":"closed","template":"","meta":{"_acf_changed":false,"footnotes":""},"acf":[],"_links":{"self":[{"href":"https:\/\/good-search.org\/about\/wp-json\/wp\/v2\/pages\/3883"}],"collection":[{"href":"https:\/\/good-search.org\/about\/wp-json\/wp\/v2\/pages"}],"about":[{"href":"https:\/\/good-search.org\/about\/wp-json\/wp\/v2\/types\/page"}],"author":[{"embeddable":true,"href":"https:\/\/good-search.org\/about\/wp-json\/wp\/v2\/users\/1"}],"replies":[{"embeddable":true,"href":"https:\/\/good-search.org\/about\/wp-json\/wp\/v2\/comments?post=3883"}],"version-history":[{"count":39,"href":"https:\/\/good-search.org\/about\/wp-json\/wp\/v2\/pages\/3883\/revisions"}],"predecessor-version":[{"id":12886,"href":"https:\/\/good-search.org\/about\/wp-json\/wp\/v2\/pages\/3883\/revisions\/12886"}],"wp:attachment":[{"href":"https:\/\/good-search.org\/about\/wp-json\/wp\/v2\/media?parent=3883"}],"curies":[{"name":"wp","href":"https:\/\/api.w.org\/{rel}","templated":true}]}}