{"id":2362,"date":"2019-01-22T15:43:09","date_gmt":"2019-01-22T15:43:09","guid":{"rendered":"https:\/\/good-search.org\/about\/?page_id=2362"},"modified":"2024-11-28T15:30:22","modified_gmt":"2024-11-28T15:30:22","slug":"privatsphaere","status":"publish","type":"page","link":"https:\/\/good-search.org\/about\/privatsphaere\/","title":{"rendered":"Deine Privatsph\u00e4re"},"content":{"rendered":"<style type=\"text\/css\"> \n#cmsmasters_row_69d06321e5b7c2_31796340 { \n\tbackground-color:#ffffff;\n\tbackground-image: url(https:\/\/good-search.org\/about\/wp-content\/uploads\/2022\/10\/good-search-privatsphaere.jpg); \n\tbackground-position: bottom right; \n\tbackground-repeat: no-repeat; \n\tbackground-attachment: scroll; \n\tbackground-size: contain; \n} \n\n#cmsmasters_row_69d06321e5b7c2_31796340 .cmsmasters_row_outer_parent { \n\tpadding-top: 0px; \n} \n\n#cmsmasters_row_69d06321e5b7c2_31796340 .cmsmasters_row_outer_parent { \n\tpadding-bottom: 0px; \n} \n\n \n#cmsmasters_heading_69d06321e5e327_66666517 { \n\ttext-align:left; \n\tmargin-top:0px; \n\tmargin-bottom:20px; \n} \n\n#cmsmasters_heading_69d06321e5e327_66666517 .cmsmasters_heading { \n\ttext-align:left; \n} \n\n#cmsmasters_heading_69d06321e5e327_66666517 .cmsmasters_heading, #cmsmasters_heading_69d06321e5e327_66666517 .cmsmasters_heading a { \n\tfont-size:15px; \n\tline-height:40px; \n\tfont-weight:300; \n\tfont-style:normal; \n\tcolor:#000000;\n} \n\n#cmsmasters_heading_69d06321e5e327_66666517 .cmsmasters_heading_divider { \n} \n\n \n#cmsmasters_heading_69d06321e5e855_46122455 { \n\ttext-align:left; \n\tmargin-top:0px; \n\tmargin-bottom:20px; \n} \n\n#cmsmasters_heading_69d06321e5e855_46122455 .cmsmasters_heading { \n\ttext-align:left; \n} \n\n#cmsmasters_heading_69d06321e5e855_46122455 .cmsmasters_heading, #cmsmasters_heading_69d06321e5e855_46122455 .cmsmasters_heading a { \n\tfont-size:35px; \n\tline-height:40px; \n\tfont-weight:600; \n\tfont-style:normal; \n\tcolor:#4627bf;\n} \n\n#cmsmasters_heading_69d06321e5e855_46122455 .cmsmasters_heading_divider { \n} \n\n \n\n#cmsmasters_fb_69d06321e60522_95632542 { \n\tpadding-top:0px; \n\tpadding-bottom:0px; \n\tbackground-color:rgba(204,204,204,0);\n} \n\n#cmsmasters_fb_69d06321e60522_95632542 .featured_block_inner { \n\twidth: 100%; \n\tpadding: 20% 0px 0px 0px;; \n\ttext-align: left; \n\tmargin:0 auto; \n} \n\n#cmsmasters_fb_69d06321e60522_95632542 .featured_block_text { \n\ttext-align: left; \n} \n\n \n#cmsmasters_row_69d06321e60829_25621269 { \n\tbackground-color:#f8f9fb;\n} \n\n#cmsmasters_row_69d06321e60829_25621269 .cmsmasters_row_outer_parent { \n\tpadding-top: 80px; \n} \n\n#cmsmasters_row_69d06321e60829_25621269 .cmsmasters_row_outer_parent { \n\tpadding-bottom: 0px; \n} \n\n \n#cmsmasters_heading_69d06321e616e2_90578675 { \n\ttext-align:center; \n\tmargin-top:0px; \n\tmargin-bottom:20px; \n} \n\n#cmsmasters_heading_69d06321e616e2_90578675 .cmsmasters_heading { \n\ttext-align:center; \n} \n\n#cmsmasters_heading_69d06321e616e2_90578675 .cmsmasters_heading, #cmsmasters_heading_69d06321e616e2_90578675 .cmsmasters_heading a { \n\tfont-weight:600; \n\tfont-style:normal; \n\tcolor:#22bd92;\n} \n\n#cmsmasters_heading_69d06321e616e2_90578675 .cmsmasters_heading_divider { \n} \n\n \n#cmsmasters_row_69d06321e61929_36642792 { \n\tbackground-color:#f8f9fb;\n} \n\n#cmsmasters_row_69d06321e61929_36642792 .cmsmasters_row_outer_parent { \n\tpadding-top: 0px; \n} \n\n#cmsmasters_row_69d06321e61929_36642792 .cmsmasters_row_outer_parent { \n\tpadding-bottom: 60px; \n} \n\n \n\n#cmsmasters_fb_69d06321e62dc7_55946790 { \n\tpadding-top:0px; \n\tpadding-bottom:20px; \n} \n\n#cmsmasters_fb_69d06321e62dc7_55946790 .featured_block_inner { \n\twidth: 70%; \n\tpadding: ; \n\ttext-align: center; \n\tmargin:0 auto; \n} \n\n#cmsmasters_fb_69d06321e62dc7_55946790 .featured_block_text { \n\ttext-align: center; \n} \n\n \n#cmsmasters_row_69d06321e663b2_20839352 { \n\tbackground-color:#f8f9fb;\n} \n\n#cmsmasters_row_69d06321e663b2_20839352 .cmsmasters_row_outer_parent { \n\tpadding-top: 30px; \n} \n\n#cmsmasters_row_69d06321e663b2_20839352 .cmsmasters_row_outer_parent { \n\tpadding-bottom: 100px; \n} \n\n\n#cmsmasters_button_69d06321e67095_96083442 { \n\ttext-align:center; \n} \n\n#cmsmasters_button_69d06321e67095_96083442 .cmsmasters_button:before { \n\tmargin-right:.5em; \n\tmargin-left:0; \n\tvertical-align:baseline; \n} \n\n#cmsmasters_button_69d06321e67095_96083442 .cmsmasters_button { \n\tfont-weight:bold; \n\tfont-style:normal; \n\tborder-width:1px; \n\tborder-style:solid; \n\t-webkit-border-radius:0; \n\tborder-radius:0; \n\tbackground-color:#f8f9fb;\n\tcolor:#22bd92;\n\tborder-color:#22bd92;\n} \n#cmsmasters_button_69d06321e67095_96083442 .cmsmasters_button:hover { \n\tbackground-color:#22bd92;\n\tcolor:#ffffff;\n\tborder-color:#22bd92;\n} \n \n#cmsmasters_row_69d06321e672b8_54621224 { \n\tbackground-color:#4627bf;\n} \n\n#cmsmasters_row_69d06321e672b8_54621224 .cmsmasters_row_outer_parent { \n\tpadding-top: 80px; \n} \n\n#cmsmasters_row_69d06321e672b8_54621224 .cmsmasters_row_outer_parent { \n\tpadding-bottom: 0px; \n} \n\n \n#cmsmasters_heading_69d06321e68204_54513223 { \n\ttext-align:center; \n\tmargin-top:0px; \n\tmargin-bottom:0px; \n} \n\n#cmsmasters_heading_69d06321e68204_54513223 .cmsmasters_heading { \n\ttext-align:center; \n\tbackground-color:#4627bf;\n\tpadding-left:1em; \n\tpadding-right:1em; \n} \n\n#cmsmasters_heading_69d06321e68204_54513223 .cmsmasters_heading, #cmsmasters_heading_69d06321e68204_54513223 .cmsmasters_heading a { \n\tfont-weight:600; \n\tfont-style:normal; \n\tcolor:#ffffff;\n} \n\n#cmsmasters_heading_69d06321e68204_54513223 .cmsmasters_heading_divider { \n} \n\n \n\n#cmsmasters_fb_69d06321e68406_66292729 { \n\tpadding-top:0px; \n\tpadding-bottom:0px; \n\tbackground-color:#4627bf;\n} \n\n#cmsmasters_fb_69d06321e68406_66292729 .featured_block_inner { \n\twidth: 70%; \n\tpadding: ; \n\ttext-align: center; \n\tmargin:0 auto; \n} \n\n#cmsmasters_fb_69d06321e68406_66292729 .featured_block_text { \n\ttext-align: center; \n} \n\n \n#cmsmasters_row_69d06321e68751_65749366 { \n\tbackground-color:#4627bf;\n} \n\n#cmsmasters_row_69d06321e68751_65749366 .cmsmasters_row_outer_parent { \n\tpadding-top: 0px; \n} \n\n#cmsmasters_row_69d06321e68751_65749366 .cmsmasters_row_outer_parent { \n\tpadding-bottom: 80px; \n} \n\n\n#cmsmasters_button_69d06321e68bc4_33861461 { \n\ttext-align:center; \n} \n\n#cmsmasters_button_69d06321e68bc4_33861461 .cmsmasters_button:before { \n\tmargin-right:.5em; \n\tmargin-left:0; \n\tvertical-align:baseline; \n} \n\n#cmsmasters_button_69d06321e68bc4_33861461 .cmsmasters_button { \n\tfont-weight:bold; \n\tfont-style:normal; \n\tborder-width:1px; \n\tborder-style:solid; \n\t-webkit-border-radius:0; \n\tborder-radius:0; \n\tbackground-color:#ffffff;\n\tcolor:#4627bf;\n\tborder-color:#ffffff;\n} \n#cmsmasters_button_69d06321e68bc4_33861461 .cmsmasters_button:hover { \n\tbackground-color:#4627bf;\n\tcolor:#ffffff;\n\tborder-color:#ffffff;\n} \n<\/style><div id=\"cmsmasters_row_69d06321e5b7c2_31796340\" class=\"cmsmasters_row cmsmasters_color_scheme_default cmsmasters_row_top_default cmsmasters_row_bot_default cmsmasters_row_boxed\">\n<div class=\"cmsmasters_row_outer_parent\">\n<div class=\"cmsmasters_row_outer\">\n<div class=\"cmsmasters_row_inner\">\n<div class=\"cmsmasters_row_margin\">\n<div class=\"cmsmasters_column one_half gross\">\n\n<div id=\"cmsmasters_heading_69d06321e5e327_66666517\" class=\"cmsmasters_heading_wrap cmsmasters_heading_align_left\">\n\t<h1 class=\"cmsmasters_heading\">DEINE PRIVATSPH\u00c4RE<\/h1>\n<\/div>\n<div id=\"cmsmasters_heading_69d06321e5e855_46122455\" class=\"cmsmasters_heading_wrap cmsmasters_heading_align_left\">\n\t<h1 class=\"cmsmasters_heading\">GOOD ist eine datenschutzfreundliche Suchmaschine<\/h1>\n<\/div><div class=\"cmsmasters_text\">\n<p class=\"p1\">Mit GOOD kannst du deinen digitalen Fu\u00dfabdruck im Gegensatz zu anderen Suchmaschinen deutlich reduzieren. Der Schutz pers\u00f6nlicher Daten hat bei uns immer hohe Priorit\u00e4t.<\/p>\n<\/div>\n<\/div>\n<div class=\"cmsmasters_column one_half\">\n<div id=\"cmsmasters_fb_69d06321e60522_95632542\" class=\"cmsmasters_featured_block\">\n<div class=\"featured_block_inner\">\n<div class=\"featured_block_text\"><p><\/p>\n<\/div>\n<\/div>\n<\/div>\n<\/div>\n<\/div>\n<\/div>\n<\/div>\n<\/div>\n<\/div>\n<div id=\"cmsmasters_row_69d06321e60829_25621269\" class=\"cmsmasters_row cmsmasters_color_scheme_default cmsmasters_row_top_default cmsmasters_row_bot_default cmsmasters_row_boxed\">\n<div class=\"cmsmasters_row_outer_parent\">\n<div class=\"cmsmasters_row_outer\">\n<div class=\"cmsmasters_row_inner\">\n<div class=\"cmsmasters_row_margin\">\n<div class=\"cmsmasters_column one_first\">\n\n<div id=\"cmsmasters_heading_69d06321e616e2_90578675\" class=\"cmsmasters_heading_wrap cmsmasters_heading_align_center\">\n\t<h2 class=\"cmsmasters_heading\">Mehr Schutz im Internet mit GOOD<\/h2>\n<\/div>\n<\/div>\n<\/div>\n<\/div>\n<\/div>\n<\/div>\n<\/div>\n<div id=\"cmsmasters_row_69d06321e61929_36642792\" class=\"cmsmasters_row cmsmasters_color_scheme_default cmsmasters_row_top_default cmsmasters_row_bot_default cmsmasters_row_boxed\">\n<div class=\"cmsmasters_row_outer_parent\">\n<div class=\"cmsmasters_row_outer\">\n<div class=\"cmsmasters_row_inner\">\n<div class=\"cmsmasters_row_margin\">\n<div class=\"cmsmasters_column one_first\">\n<div id=\"cmsmasters_fb_69d06321e62dc7_55946790\" class=\"cmsmasters_featured_block\">\n<div class=\"featured_block_inner\">\n<div class=\"featured_block_text\">\n<p style=\"text-align: center;\"><span style=\"font-weight: 400;\">Als B Corp zertifiziertes Sozialunternehmen ist uns das Vertrauen unserer Nutzer extrem wichtig. Deshalb nehmen wir das Thema Privatsph\u00e4re und Sicherheit im Web sehr ernst.Wir kommunizieren transparent und arbeiten kontinuierlich an L\u00f6sungen, wie wir den Schutz unserer Nutzer verbessern k\u00f6nnen.<\/span><\/p>\n<\/div>\n<\/div>\n<\/div>\n<div class=\"cmsmasters_toggles toggles_mode_toggle akkordeon\">\n<div class=\"cmsmasters_toggle_wrap\" data-tags=\"all \">\n<div class=\"cmsmasters_toggle_title\">\n<span class=\"cmsmasters_toggle_plus cmsmasters-icon-angle-down\">\n<\/span>\n<a href=\"#\">Keine Erfassung sensibler pers\u00f6nlicher Daten<\/a>\n<\/div>\n<div class=\"cmsmasters_toggle\">\n<div class=\"cmsmasters_toggle_inner\">\n<p style=\"text-align: left;\"><span style=\"font-weight: 400;\">Wir m\u00f6chten es dir so einfach wie m\u00f6glich mache<\/span><span style=\"font-weight: 400;\">n, deine Privatsph\u00e4re zu sch\u00fctze<\/span><span style=\"font-weight: 400;\">n. Wir sammeln und speichern keine sensible pers\u00f6nliche Daten.<\/span><\/p>\n<\/div>\n<\/div>\n<\/div><div class=\"cmsmasters_toggle_wrap\" data-tags=\"all \">\n<div class=\"cmsmasters_toggle_title\">\n<span class=\"cmsmasters_toggle_plus cmsmasters-icon-angle-down\">\n<\/span>\n<a href=\"#\">Kein Verkauf von Daten an Werbetreibende<\/a>\n<\/div>\n<div class=\"cmsmasters_toggle\">\n<div class=\"cmsmasters_toggle_inner\">\n<p><span style=\"font-weight: 400;\">Viele Webdienste sammeln Nutzerdaten, um sie weiterzuverkaufen. Wir sammeln und verkaufen keine Daten an Werbetreibende.<\/span><\/p>\n<\/div>\n<\/div>\n<\/div><div class=\"cmsmasters_toggle_wrap\" data-tags=\"all \">\n<div class=\"cmsmasters_toggle_title\">\n<span class=\"cmsmasters_toggle_plus cmsmasters-icon-angle-down\">\n<\/span>\n<a href=\"#\">Suchanfragen sind verschl\u00fcsselt<\/a>\n<\/div>\n<div class=\"cmsmasters_toggle\">\n<div class=\"cmsmasters_toggle_inner\">\n<p><span style=\"font-weight: 400;\">Wir verschl\u00fcsseln deine Suchanfragen und sch\u00fctzen so deine Suchanfragen vor potenziellen Lauschern. <\/span><\/p>\n<\/div>\n<\/div>\n<\/div><div class=\"cmsmasters_toggle_wrap\" data-tags=\"all \">\n<div class=\"cmsmasters_toggle_title\">\n<span class=\"cmsmasters_toggle_plus cmsmasters-icon-angle-down\">\n<\/span>\n<a href=\"#\">Ad-Blocker und Anti-Tracking in Apps<\/a>\n<\/div>\n<div class=\"cmsmasters_toggle\">\n<div class=\"cmsmasters_toggle_inner\">\n<p><span style=\"font-weight: 400;\">Unsere Mobile Browser Apps sind mit Ad-Blocker und Anti-Tracking ausger\u00fcstet. Sie bieten dir zus\u00e4tzliche Features, damit du sorgenfrei im Internet suchen kannst.<\/span><\/p>\n<\/div>\n<\/div>\n<\/div><div class=\"cmsmasters_toggle_wrap\" data-tags=\"all \">\n<div class=\"cmsmasters_toggle_title\">\n<span class=\"cmsmasters_toggle_plus cmsmasters-icon-angle-down\">\n<\/span>\n<a href=\"#\">Sicherer Rechtsrahmen<\/a>\n<\/div>\n<div class=\"cmsmasters_toggle\">\n<div class=\"cmsmasters_toggle_inner\">\n<p><span style=\"font-weight: 400;\">GOOD unterliegt dem deutschen Datenschutzrecht. Dies schafft Transparenz, da eine Vielzahl an Aspekten, die uns wichtig sind, durch den Rechtsrahmen verbindlich geregelt werden. Als in Deutschland registriertes Unternehmen unterliegen wir der strikten europ\u00e4ischen Datenschutzgrundverordnung (DSGVO). Die Datenverarbeitung durch Microsoft Bing erfolgt entlang der Vorgaben durch das neue <\/span><a href=\"https:\/\/www.whitehouse.gov\/briefing-room\/statements-releases\/2022\/03\/25\/fact-sheet-united-states-and-european-commission-announce-trans-atlantic-data-privacy-framework\/\"><span style=\"font-weight: 400;\">Trans-Atlantic Data Privacy Framework<\/span><\/a><span style=\"font-weight: 400;\">.<\/span><\/p>\n<\/div>\n<\/div>\n<\/div><div class=\"cmsmasters_toggle_wrap\" data-tags=\"all \">\n<div class=\"cmsmasters_toggle_title\">\n<span class=\"cmsmasters_toggle_plus cmsmasters-icon-angle-down\">\n<\/span>\n<a href=\"#\">Verarbeitung der Suchanfragen durch Partner<\/a>\n<\/div>\n<div class=\"cmsmasters_toggle\">\n<div class=\"cmsmasters_toggle_inner\">\n<p><span style=\"font-weight: 400;\">Wir arbeiten mit Drittanbietern zusammen um passende Ergebnisse f\u00fcr deine Suchanfrage anzuzeigen (Brave). Damit deine Ergebnisse m\u00f6glichst genau sind, werden u.a. folgende Parameter \u00fcbermittelt: Suchbegriff, Sprach-Einstellungen, Filter-Einstellungen. <\/span><\/p>\n<\/div>\n<\/div>\n<\/div><div class=\"cmsmasters_toggle_wrap\" data-tags=\"all \">\n<div class=\"cmsmasters_toggle_title\">\n<span class=\"cmsmasters_toggle_plus cmsmasters-icon-angle-down\">\n<\/span>\n<a href=\"#\">CO2-neutrale, sichere IT-Infrastruktur<\/a>\n<\/div>\n<div class=\"cmsmasters_toggle\">\n<div class=\"cmsmasters_toggle_inner\">\n<p><span style=\"font-weight: 400;\">Unsere Server arbeiten CO2-neutral und sind in Deutschland gehostet. Die Verarbeitung der Suchanfragen durch Bing erfolgt ebenfalls CO2-neutral.<\/span><\/p>\n<\/div>\n<\/div>\n<\/div><div class=\"cmsmasters_toggle_wrap\" data-tags=\"all \">\n<div class=\"cmsmasters_toggle_title\">\n<span class=\"cmsmasters_toggle_plus cmsmasters-icon-angle-down\">\n<\/span>\n<a href=\"#\">Noch mehr Sicherheit im Netz<\/a>\n<\/div>\n<div class=\"cmsmasters_toggle\">\n<div class=\"cmsmasters_toggle_inner\">\n<p><span style=\"font-weight: 400;\">Mit folgenden Ma\u00dfnahmen kannst du deinen digitalen Fu\u00dfabdruck zus\u00e4tzlich reduzieren:<\/span><\/p>\n<ul>\n<li><span style=\"font-weight: 400;\">Aktiviere in deinem Browser die \u00bbDo not Track\u00ab Funktion<\/span><\/li>\n<li><span style=\"font-weight: 400;\">Nutze einen sicheren Webbrowser, der m\u00f6glichst gemeinwohlorientiert ist<\/span><\/li>\n<li>Verschleiere deine IP Adresse mit einem VPN Client<\/li>\n<\/ul>\n<\/div>\n<\/div>\n<\/div><\/div>\n<\/div>\n<\/div>\n<\/div>\n<\/div>\n<\/div>\n<\/div>\n<div id=\"cmsmasters_row_69d06321e663b2_20839352\" class=\"cmsmasters_row cmsmasters_color_scheme_default cmsmasters_row_top_default cmsmasters_row_bot_default cmsmasters_row_boxed\">\n<div class=\"cmsmasters_row_outer_parent\">\n<div class=\"cmsmasters_row_outer\">\n<div class=\"cmsmasters_row_inner\">\n<div class=\"cmsmasters_row_margin\">\n<div class=\"cmsmasters_column one_first\">\n\n<div id=\"cmsmasters_button_69d06321e67095_96083442\" class=\"button_wrap\"><a href=\"\/about\/datenschutz\/\" class=\"cmsmasters_button\" target=\"_blank\"><span>Datenschutzerkl\u00e4rung<\/span><\/a><\/div>\n<\/div>\n<\/div>\n<\/div>\n<\/div>\n<\/div>\n<\/div>\n<div id=\"cmsmasters_row_69d06321e672b8_54621224\" class=\"cmsmasters_row cmsmasters_color_scheme_default cmsmasters_row_top_default cmsmasters_row_bot_default cmsmasters_row_boxed\">\n<div class=\"cmsmasters_row_outer_parent\">\n<div class=\"cmsmasters_row_outer\">\n<div class=\"cmsmasters_row_inner\">\n<div class=\"cmsmasters_row_margin\">\n<div class=\"cmsmasters_column one_first\">\n\n<div id=\"cmsmasters_heading_69d06321e68204_54513223\" class=\"cmsmasters_heading_wrap cmsmasters_heading_align_center\">\n\t<h2 class=\"cmsmasters_heading\">Du m\u00f6chtest noch mehr erfahren?<\/h2>\n<\/div><div id=\"cmsmasters_fb_69d06321e68406_66292729\" class=\"cmsmasters_featured_block\">\n<div class=\"featured_block_inner\">\n<div class=\"featured_block_text\">\n<p style=\"text-align: center;\"><span style=\"color: #ffffff;\">Wir wollen ganz offen mit euch sein. Erfahre mehr zum Thema Transparenz.<\/span><\/p>\n<\/div>\n<\/div>\n<\/div>\n<\/div>\n<\/div>\n<\/div>\n<\/div>\n<\/div>\n<\/div>\n<div id=\"cmsmasters_row_69d06321e68751_65749366\" class=\"cmsmasters_row cmsmasters_color_scheme_default cmsmasters_row_top_default cmsmasters_row_bot_default cmsmasters_row_boxed\">\n<div class=\"cmsmasters_row_outer_parent\">\n<div class=\"cmsmasters_row_outer\">\n<div class=\"cmsmasters_row_inner\">\n<div class=\"cmsmasters_row_margin\">\n<div class=\"cmsmasters_column one_first\">\n\n<div id=\"cmsmasters_button_69d06321e68bc4_33861461\" class=\"button_wrap\"><a href=\"https:\/\/good-search.org\/about\/good-transparenz\/\" class=\"cmsmasters_button\"><span>Transparenz<\/span><\/a><\/div>\n<\/div>\n<\/div>\n<\/div>\n<\/div>\n<\/div>\n<\/div>\n\n","protected":false},"excerpt":{"rendered":"","protected":false},"author":1,"featured_media":0,"parent":0,"menu_order":0,"comment_status":"closed","ping_status":"closed","template":"","meta":{"_acf_changed":false,"footnotes":""},"acf":[],"_links":{"self":[{"href":"https:\/\/good-search.org\/about\/wp-json\/wp\/v2\/pages\/2362"}],"collection":[{"href":"https:\/\/good-search.org\/about\/wp-json\/wp\/v2\/pages"}],"about":[{"href":"https:\/\/good-search.org\/about\/wp-json\/wp\/v2\/types\/page"}],"author":[{"embeddable":true,"href":"https:\/\/good-search.org\/about\/wp-json\/wp\/v2\/users\/1"}],"replies":[{"embeddable":true,"href":"https:\/\/good-search.org\/about\/wp-json\/wp\/v2\/comments?post=2362"}],"version-history":[{"count":125,"href":"https:\/\/good-search.org\/about\/wp-json\/wp\/v2\/pages\/2362\/revisions"}],"predecessor-version":[{"id":15501,"href":"https:\/\/good-search.org\/about\/wp-json\/wp\/v2\/pages\/2362\/revisions\/15501"}],"wp:attachment":[{"href":"https:\/\/good-search.org\/about\/wp-json\/wp\/v2\/media?parent=2362"}],"curies":[{"name":"wp","href":"https:\/\/api.w.org\/{rel}","templated":true}]}}