{"id":2246,"date":"2019-01-18T08:59:27","date_gmt":"2019-01-18T08:59:27","guid":{"rendered":"https:\/\/good-search.org\/about\/?page_id=2246"},"modified":"2024-11-28T16:39:58","modified_gmt":"2024-11-28T16:39:58","slug":"nutzungsbedingungen","status":"publish","type":"page","link":"https:\/\/good-search.org\/about\/nutzungsbedingungen\/","title":{"rendered":"Nutzungsbedingungen"},"content":{"rendered":"<style type=\"text\/css\"> \n#cmsmasters_row_69ecec8863e073_36969462 { \n\tbackground-color:#ffffff;\n} \n\n#cmsmasters_row_69ecec8863e073_36969462 .cmsmasters_row_outer_parent { \n\tpadding-top: 0px; \n} \n\n#cmsmasters_row_69ecec8863e073_36969462 .cmsmasters_row_outer_parent { \n\tpadding-bottom: 0px; \n} \n\n \n#cmsmasters_heading_69ecec8863f5d0_66494285 { \n\ttext-align:left; \n\tmargin-top:0px; \n\tmargin-bottom:20px; \n} \n\n#cmsmasters_heading_69ecec8863f5d0_66494285 .cmsmasters_heading { \n\ttext-align:left; \n} \n\n#cmsmasters_heading_69ecec8863f5d0_66494285 .cmsmasters_heading, #cmsmasters_heading_69ecec8863f5d0_66494285 .cmsmasters_heading a { \n\tfont-size:35px; \n\tfont-weight:600; \n\tfont-style:normal; \n\tcolor:#22bd92;\n} \n\n#cmsmasters_heading_69ecec8863f5d0_66494285 .cmsmasters_heading_divider { \n} \n\n \n\n#cmsmasters_fb_69ecec8863fcf0_16540775 { \n\tpadding-top:0px; \n\tpadding-bottom:0px; \n\tbackground-color:rgba(204,204,204,0);\n} \n\n#cmsmasters_fb_69ecec8863fcf0_16540775 .featured_block_inner { \n\twidth: 100%; \n\tpadding: 0 0px 0px 0px;; \n\ttext-align: left; \n\tmargin:0 auto; \n} \n\n#cmsmasters_fb_69ecec8863fcf0_16540775 .featured_block_text { \n\ttext-align: left; \n} \n\n \n#cmsmasters_row_69ecec886400e1_30084149 { \n\tbackground-color:#ffffff;\n} \n\n#cmsmasters_row_69ecec886400e1_30084149 .cmsmasters_row_outer_parent { \n\tpadding-top: 0px; \n} \n\n#cmsmasters_row_69ecec886400e1_30084149 .cmsmasters_row_outer_parent { \n\tpadding-bottom: 50px; \n} \n\n<\/style><div id=\"cmsmasters_row_69ecec8863e073_36969462\" class=\"cmsmasters_row cmsmasters_color_scheme_default cmsmasters_row_top_default cmsmasters_row_bot_default cmsmasters_row_boxed\">\n<div class=\"cmsmasters_row_outer_parent\">\n<div class=\"cmsmasters_row_outer\">\n<div class=\"cmsmasters_row_inner\">\n<div class=\"cmsmasters_row_margin\">\n<div class=\"cmsmasters_column one_half gross\">\n\n<div id=\"cmsmasters_heading_69ecec8863f5d0_66494285\" class=\"cmsmasters_heading_wrap cmsmasters_heading_align_left\">\n\t<h1 class=\"cmsmasters_heading\">Nutzungsbedingungen<\/h1>\n<\/div>\n<\/div>\n<div class=\"cmsmasters_column one_half\">\n<div id=\"cmsmasters_fb_69ecec8863fcf0_16540775\" class=\"cmsmasters_featured_block\">\n<div class=\"featured_block_inner\">\n<div class=\"featured_block_text\"><p><\/p>\n<\/div>\n<\/div>\n<\/div>\n<\/div>\n<\/div>\n<\/div>\n<\/div>\n<\/div>\n<\/div>\n<div id=\"cmsmasters_row_69ecec886400e1_30084149\" class=\"cmsmasters_row cmsmasters_color_scheme_default cmsmasters_row_top_default cmsmasters_row_bot_default cmsmasters_row_boxed\">\n<div class=\"cmsmasters_row_outer_parent\">\n<div class=\"cmsmasters_row_outer\">\n<div class=\"cmsmasters_row_inner\">\n<div class=\"cmsmasters_row_margin\">\n<div class=\"cmsmasters_column one_first\">\n<div class=\"cmsmasters_text\">\n<p>Willkommen bei GOOD, der Websuche der Good Search UG! Mit diesen Allgemeinen Gesch\u00e4ftsbedingungen (AGB) m\u00f6chten wir dir erkl\u00e4ren, wie GOOD funktioniert, welche Rechte und Pflichten du hast und was du von uns erwarten kannst. Lies dir diese Bedingungen bitte aufmerksam durch, da du durch die Nutzung unserer Dienste diesen AGB zustimmst.<\/p>\n<p>&nbsp;<\/p>\n<h3><strong>1. Anbieter und Geltungsbereich<\/strong><\/h3>\n<p><span style=\"font-weight: 400\">1.1. GOOD wird betrieben von:<\/span><span style=\"font-weight: 400\"><br \/>\n<\/span><span style=\"font-weight: 400\">Good Search UG (haftungsbeschr\u00e4nkt)<\/span><span style=\"font-weight: 400\"><br \/>\n<\/span><span style=\"font-weight: 400\">Joachimstra\u00dfe 10<\/span><span style=\"font-weight: 400\"><br \/>\n<\/span><span style=\"font-weight: 400\">10119 Berlin<\/span><span style=\"font-weight: 400\"><br \/>\n<\/span><span style=\"font-weight: 400\">Kontakt:mail@good-search.org<\/span><\/p>\n<p><span style=\"font-weight: 400\">1.2. Diese AGB regeln die Nutzung der Websuche GOOD und aller damit verbundenen Dienstleistungen, die \u00fcber ein kostenpflichtiges Abonnement zur Verf\u00fcgung gestellt werden.<\/span><\/p>\n<p><span style=\"font-weight: 400\">1.3. Abweichende Bedingungen werden nicht anerkannt, es sei denn, wir stimmen ihnen ausdr\u00fccklich zu.<\/span><\/p>\n<h3><strong>2. Nutzungsumfang und -voraussetzungen<\/strong><\/h3>\n<p><span style=\"font-weight: 400\">2.1. GOOD bietet dir Zugang zu einer leistungsstarken Websuche ohne Werbung.\u00a0<\/span><\/p>\n<p><span style=\"font-weight: 400\">2.2. Um GOOD nutzen zu k\u00f6nnen, musst du ein Nutzerkonto erstellen und ein aktives Abonnement abschlie\u00dfen.<\/span><\/p>\n<p><span style=\"font-weight: 400\">2.3. Du bist verpflichtet, bei der Registrierung vollst\u00e4ndige und korrekte Angaben zu machen und deine Zugangsdaten sicher aufzubewahren.<\/span><\/p>\n<h3><strong>3. Kosten und Zahlungsbedingungen<\/strong><\/h3>\n<p><span style=\"font-weight: 400\">3.1. GOOD ist ein kostenpflichtiger Dienst. Die aktuellen Preise und Abonnementmodelle findest du auf unserer <a href=\"https:\/\/good-search.org\/about\/abo\/\">Website<\/a>.<\/span><\/p>\n<p><span style=\"font-weight: 400\">3.2. Die Abrechnung erfolgt regelm\u00e4\u00dfig gem\u00e4\u00df deinem gew\u00e4hlten Abonnement (z. B. monatlich oder j\u00e4hrlich). Dieses kannst du online verwalten.<\/span><\/p>\n<p><span style=\"font-weight: 400\">3.3. Zahlungen sind im Voraus f\u00e4llig. Akzeptierte Zahlungsmethoden sind auf unserer Website angegeben.<\/span><\/p>\n<p><span style=\"font-weight: 400\">3.4. Solltest du mit einer Zahlung in Verzug geraten, behalten wir uns das Recht vor, deinen Zugang zu sperren, bis die ausstehenden Betr\u00e4ge beglichen sind.<\/span><\/p>\n<h3><b>4. K\u00fcndigung und Laufzeit<\/b><\/h3>\n<p><span style=\"font-weight: 400\">4.1. Dein Abonnement l\u00e4uft, solange es nicht von dir oder uns gek\u00fcndigt wird.<\/span><\/p>\n<p><span style=\"font-weight: 400\">4.2. Du kannst dein Abonnement jederzeit vor Ablauf des aktuellen Abrechnungszeitraums k\u00fcndigen. Die K\u00fcndigung wird am Ende des laufenden Abrechnungszeitraums wirksam.<\/span><\/p>\n<p><span style=\"font-weight: 400\">4.3. Wir behalten uns das Recht vor, dein Abonnement mit einer Frist von 14 Tagen zu k\u00fcndigen. Bei Verst\u00f6\u00dfen gegen diese AGB oder bei missbr\u00e4uchlicher Nutzung k\u00f6nnen wir dein Konto jedoch ohne vorherige Ank\u00fcndigung sperren oder k\u00fcndigen.<\/span><\/p>\n<h3><b>5. Pflichten des Nutzers<\/b><\/h3>\n<p><span style=\"font-weight: 400\">5.1. Du darfst GOOD nur im Rahmen der geltenden Gesetze und dieser AGB nutzen.<\/span><\/p>\n<p><span style=\"font-weight: 400\">5.2. Es ist verboten, unsere Dienste zu manipulieren, automatisierte Suchanfragen (z. B. durch Bots) zu stellen oder auf andere Weise den Betrieb zu st\u00f6ren.<\/span><\/p>\n<p><span style=\"font-weight: 400\">5.3. Inhalte und Ergebnisse aus der GOOD-Suche d\u00fcrfen nur f\u00fcr den pers\u00f6nlichen Gebrauch verwendet werden. Eine kommerzielle Nutzung oder Weitergabe ist untersagt.<\/span><\/p>\n<h3><b>6. Verf\u00fcgbarkeit und Haftung<\/b><\/h3>\n<p><span style=\"font-weight: 400\">6.1. Wir bem\u00fchen uns, dir GOOD ohne Unterbrechung und in hoher Qualit\u00e4t bereitzustellen. Technische Ausf\u00e4lle oder Wartungsarbeiten k\u00f6nnen jedoch zu vor\u00fcbergehenden Einschr\u00e4nkungen f\u00fchren.<\/span><\/p>\n<p><span style=\"font-weight: 400\">6.2. Wir \u00fcbernehmen keine Haftung f\u00fcr Sch\u00e4den, die durch die Nutzung oder Nichtverf\u00fcgbarkeit von GOOD entstehen, es sei denn, sie beruhen auf Vorsatz oder grober Fahrl\u00e4ssigkeit unsererseits.<\/span><\/p>\n<p><span style=\"font-weight: 400\">6.3. Links oder Inhalte, die \u00fcber GOOD angezeigt werden, unterliegen der Verantwortung der jeweiligen Drittanbieter. Wir \u00fcbernehmen keine Haftung f\u00fcr deren Inhalte. Dies gilt explizit auch f\u00fcr Verlinkungen in der Navigationsleiste auf externe Suchmaschinen sowie f\u00fcr die Inhalte von namentlich gekennzeichneten Beitr\u00e4gen im GOOD Magazin bzw. Blog. Diese geben die Meinung des jeweiligen Autors und nicht immer die Meinung von GOOD wieder.<\/span><\/p>\n<h3><b>7. Datenschutz<\/b><\/h3>\n<p><span style=\"font-weight: 400\">7.1. Der Schutz deiner Daten ist uns wichtig. Unsere <a href=\"https:\/\/good-search.org\/about\/datenschutz\/\">Datenschutzrichtlinie<\/a> erkl\u00e4rt, wie wir deine Daten erfassen, verwenden und sch\u00fctzen.\u00a0<\/span><\/p>\n<p><span style=\"font-weight: 400\">7.2. Mit der Nutzung von GOOD erkl\u00e4rst du dich mit der Verarbeitung deiner Daten gem\u00e4\u00df unserer Datenschutzrichtlinie einverstanden.<\/span><\/p>\n<h3><b>8. \u00c4nderungen der AGB<\/b><\/h3>\n<p><span style=\"font-weight: 400\">8.1. Wir behalten uns vor, diese AGB bei Bedarf zu \u00e4ndern, etwa um rechtliche Anforderungen zu erf\u00fcllen oder \u00c4nderungen unserer Dienste widerzuspiegeln.<\/span><\/p>\n<p><span style=\"font-weight: 400\">8.2. \u00dcber wesentliche \u00c4nderungen informieren wir dich rechtzeitig per E-Mail oder innerhalb deines Nutzerkontos. Die \u00c4nderungen gelten als akzeptiert, wenn du der neuen Version nicht innerhalb von 14 Tagen widersprichst.<\/span><\/p>\n<h3><b>9. Schlussbestimmungen<\/b><\/h3>\n<p><span style=\"font-weight: 400\">9.1. Sollten einzelne Bestimmungen dieser AGB unwirksam sein, bleibt die G\u00fcltigkeit der \u00fcbrigen Bestimmungen unber\u00fchrt.<\/span><\/p>\n<p><span style=\"font-weight: 400\">9.2. Es gilt deutsches Recht unter Ausschluss des UN-Kaufrechts.<\/span><\/p>\n<p><span style=\"font-weight: 400\">9.3. Gerichtsstand ist der Sitz der Good Search UG, sofern gesetzlich zul\u00e4ssig.<\/span><\/p>\n<p><b>Kontakt:<\/b><b><br \/>\n<\/b><span style=\"font-weight: 400\">Hast du Fragen oder Anliegen? Schreib uns gerne an: mail@good-searchorg<\/span><\/p>\n<p><span style=\"font-weight: 400\">Viel Spa\u00df bei der Nutzung von GOOD!<\/span><\/p>\n<p>&nbsp;<\/p>\n<p><i><span style=\"font-weight: 400\">Stand: 28. November 2024<\/span><\/i><\/p>\n<p>&nbsp;<\/p>\n<\/div>\n<\/div>\n<\/div>\n<\/div>\n<\/div>\n<\/div>\n<\/div>\n\n","protected":false},"excerpt":{"rendered":"","protected":false},"author":1,"featured_media":0,"parent":0,"menu_order":0,"comment_status":"closed","ping_status":"closed","template":"","meta":{"_acf_changed":false,"footnotes":""},"acf":[],"_links":{"self":[{"href":"https:\/\/good-search.org\/about\/wp-json\/wp\/v2\/pages\/2246"}],"collection":[{"href":"https:\/\/good-search.org\/about\/wp-json\/wp\/v2\/pages"}],"about":[{"href":"https:\/\/good-search.org\/about\/wp-json\/wp\/v2\/types\/page"}],"author":[{"embeddable":true,"href":"https:\/\/good-search.org\/about\/wp-json\/wp\/v2\/users\/1"}],"replies":[{"embeddable":true,"href":"https:\/\/good-search.org\/about\/wp-json\/wp\/v2\/comments?post=2246"}],"version-history":[{"count":19,"href":"https:\/\/good-search.org\/about\/wp-json\/wp\/v2\/pages\/2246\/revisions"}],"predecessor-version":[{"id":15508,"href":"https:\/\/good-search.org\/about\/wp-json\/wp\/v2\/pages\/2246\/revisions\/15508"}],"wp:attachment":[{"href":"https:\/\/good-search.org\/about\/wp-json\/wp\/v2\/media?parent=2246"}],"curies":[{"name":"wp","href":"https:\/\/api.w.org\/{rel}","templated":true}]}}