{"id":1922,"date":"2018-10-29T09:05:05","date_gmt":"2018-10-29T09:05:05","guid":{"rendered":"https:\/\/good-search.org\/about\/?page_id=1922"},"modified":"2024-07-10T14:17:41","modified_gmt":"2024-07-10T14:17:41","slug":"newsletter","status":"publish","type":"page","link":"https:\/\/good-search.org\/about\/newsletter\/","title":{"rendered":"Newsletter"},"content":{"rendered":"<style type=\"text\/css\"> \n#cmsmasters_row_69e1fe98871b15_76345813 { \n\tbackground-color:#ffffff;\n\tbackground-image: url(https:\/\/good-search.org\/about\/wp-content\/uploads\/2022\/10\/good-search-newsletter.jpg); \n\tbackground-position: bottom right; \n\tbackground-repeat: no-repeat; \n\tbackground-attachment: scroll; \n\tbackground-size: contain; \n} \n\n#cmsmasters_row_69e1fe98871b15_76345813 .cmsmasters_row_outer_parent { \n\tpadding-top: 0px; \n} \n\n#cmsmasters_row_69e1fe98871b15_76345813 .cmsmasters_row_outer_parent { \n\tpadding-bottom: 0px; \n} \n\n \n#cmsmasters_heading_69e1fe988760c1_93171676 { \n\ttext-align:left; \n\tmargin-top:0px; \n\tmargin-bottom:20px; \n} \n\n#cmsmasters_heading_69e1fe988760c1_93171676 .cmsmasters_heading { \n\ttext-align:left; \n} \n\n#cmsmasters_heading_69e1fe988760c1_93171676 .cmsmasters_heading, #cmsmasters_heading_69e1fe988760c1_93171676 .cmsmasters_heading a { \n\tfont-size:15px; \n\tline-height:40px; \n\tfont-weight:300; \n\tfont-style:normal; \n\tcolor:#000000;\n} \n\n#cmsmasters_heading_69e1fe988760c1_93171676 .cmsmasters_heading_divider { \n} \n\n \n#cmsmasters_heading_69e1fe98876888_08076082 { \n\ttext-align:left; \n\tmargin-top:0px; \n\tmargin-bottom:20px; \n} \n\n#cmsmasters_heading_69e1fe98876888_08076082 .cmsmasters_heading { \n\ttext-align:left; \n} \n\n#cmsmasters_heading_69e1fe98876888_08076082 .cmsmasters_heading, #cmsmasters_heading_69e1fe98876888_08076082 .cmsmasters_heading a { \n\tfont-size:35px; \n\tline-height:40px; \n\tfont-weight:600; \n\tfont-style:normal; \n\tcolor:#22bd92;\n} \n\n#cmsmasters_heading_69e1fe98876888_08076082 .cmsmasters_heading_divider { \n} \n\n \n\n#cmsmasters_fb_69e1fe98879753_13949026 { \n\tpadding-top:0px; \n\tpadding-bottom:0px; \n\tbackground-color:rgba(204,204,204,0);\n} \n\n#cmsmasters_fb_69e1fe98879753_13949026 .featured_block_inner { \n\twidth: 100%; \n\tpadding: 20% 0px 0px 0px;; \n\ttext-align: left; \n\tmargin:0 auto; \n} \n\n#cmsmasters_fb_69e1fe98879753_13949026 .featured_block_text { \n\ttext-align: left; \n} \n\n \n#cmsmasters_row_69e1fe98879e18_68605242 { \n\tbackground-color:#f8f9fb;\n} \n\n#cmsmasters_row_69e1fe98879e18_68605242 .cmsmasters_row_outer_parent { \n\tpadding-top: 70px; \n} \n\n#cmsmasters_row_69e1fe98879e18_68605242 .cmsmasters_row_outer_parent { \n\tpadding-bottom: 70px; \n} \n\n \n#cmsmasters_heading_69e1fe9887dac5_37733172 { \n\ttext-align:left; \n\tmargin-top:0px; \n\tmargin-bottom:20px; \n} \n\n#cmsmasters_heading_69e1fe9887dac5_37733172 .cmsmasters_heading { \n\ttext-align:left; \n} \n\n#cmsmasters_heading_69e1fe9887dac5_37733172 .cmsmasters_heading, #cmsmasters_heading_69e1fe9887dac5_37733172 .cmsmasters_heading a { \n\tfont-weight:600; \n\tfont-style:normal; \n} \n\n#cmsmasters_heading_69e1fe9887dac5_37733172 .cmsmasters_heading_divider { \n} \n\n \n#cmsmasters_divider_69e1fe9887dec0_23959280 { \n\tborder-bottom-width:0px; \n\tborder-bottom-style:solid; \n\tpadding-top:20px; \n\tmargin-bottom:20px; \n} \n \n#cmsmasters_divider_69e1fe9887e657_31360719 { \n\tborder-bottom-width:0px; \n\tborder-bottom-style:solid; \n\tpadding-top:20px; \n\tmargin-bottom:20px; \n} \n \n#cmsmasters_divider_69e1fe98880801_87758416 { \n\tborder-bottom-width:0px; \n\tborder-bottom-style:solid; \n\tpadding-top:20px; \n\tmargin-bottom:20px; \n} \n \n#cmsmasters_divider_69e1fe98881a11_60312603 { \n\tborder-bottom-width:0px; \n\tborder-bottom-style:solid; \n\tpadding-top:20px; \n\tmargin-bottom:20px; \n} \n \n#cmsmasters_divider_69e1fe988829b0_71336775 { \n\tborder-bottom-width:0px; \n\tborder-bottom-style:solid; \n\tpadding-top:20px; \n\tmargin-bottom:20px; \n} \n \n#cmsmasters_divider_69e1fe98883bc3_89874457 { \n\tborder-bottom-width:0px; \n\tborder-bottom-style:solid; \n\tpadding-top:20px; \n\tmargin-bottom:20px; \n} \n \n#cmsmasters_divider_69e1fe98884c67_25284094 { \n\tborder-bottom-width:0px; \n\tborder-bottom-style:solid; \n\tpadding-top:20px; \n\tmargin-bottom:20px; \n} \n \n#cmsmasters_heading_69e1fe98887255_90479639 { \n\ttext-align:left; \n\tmargin-top:0px; \n\tmargin-bottom:20px; \n} \n\n#cmsmasters_heading_69e1fe98887255_90479639 .cmsmasters_heading { \n\ttext-align:left; \n} \n\n#cmsmasters_heading_69e1fe98887255_90479639 .cmsmasters_heading, #cmsmasters_heading_69e1fe98887255_90479639 .cmsmasters_heading a { \n\tfont-weight:600; \n\tfont-style:normal; \n} \n\n#cmsmasters_heading_69e1fe98887255_90479639 .cmsmasters_heading_divider { \n} \n\n \n#cmsmasters_divider_69e1fe98887546_50465650 { \n\tborder-bottom-width:0px; \n\tborder-bottom-style:solid; \n\tpadding-top:20px; \n\tmargin-bottom:20px; \n} \n \n#cmsmasters_row_69e1fe98888472_71302681 .cmsmasters_row_outer_parent { \n\tpadding-top: 0px; \n} \n\n#cmsmasters_row_69e1fe98888472_71302681 .cmsmasters_row_outer_parent { \n\tpadding-bottom: 50px; \n} \n\n<\/style><div id=\"cmsmasters_row_69e1fe98871b15_76345813\" class=\"cmsmasters_row cmsmasters_color_scheme_default cmsmasters_row_top_default cmsmasters_row_bot_default cmsmasters_row_boxed\">\n<div class=\"cmsmasters_row_outer_parent\">\n<div class=\"cmsmasters_row_outer\">\n<div class=\"cmsmasters_row_inner\">\n<div class=\"cmsmasters_row_margin\">\n<div class=\"cmsmasters_column one_half gross\">\n\n<div id=\"cmsmasters_heading_69e1fe988760c1_93171676\" class=\"cmsmasters_heading_wrap cmsmasters_heading_align_left\">\n\t<h4 class=\"cmsmasters_heading\">NEWSLETTER<\/h4>\n<\/div>\n<div id=\"cmsmasters_heading_69e1fe98876888_08076082\" class=\"cmsmasters_heading_wrap cmsmasters_heading_align_left\">\n\t<h1 class=\"cmsmasters_heading\">Du findest uns GOOD? Im Newsletter gibt es noch mehr von uns!<\/h1>\n<\/div><div class=\"cmsmasters_text\">\n<p><span style=\"font-weight: 400\">Wir sind \u00fcberzeugt, dass gute Ideen und L\u00f6sungen verbreitet werden m\u00fcssen. In unserem Newsletter kannst du noch viel mehr zu GOOD und unseren unterst\u00fctzten Projekten erfahren.\u00a0<\/span><span style=\"font-weight: 400\">Ganz getreu unserer Formel: Informieren, Inspirieren, Aktivieren.<\/span><\/p>\n<\/div>\n<\/div>\n<div class=\"cmsmasters_column one_half\">\n<div id=\"cmsmasters_fb_69e1fe98879753_13949026\" class=\"cmsmasters_featured_block\">\n<div class=\"featured_block_inner\">\n<div class=\"featured_block_text\"><p><\/p>\n<\/div>\n<\/div>\n<\/div>\n<\/div>\n<\/div>\n<\/div>\n<\/div>\n<\/div>\n<\/div>\n<div id=\"cmsmasters_row_69e1fe98879e18_68605242\" class=\"cmsmasters_row cmsmasters_color_scheme_default cmsmasters_row_top_default cmsmasters_row_bot_default cmsmasters_row_boxed\">\n<div class=\"cmsmasters_row_outer_parent\">\n<div class=\"cmsmasters_row_outer\">\n<div class=\"cmsmasters_row_inner\">\n<div class=\"cmsmasters_row_margin\">\n<div class=\"cmsmasters_column one_half\">\n\n<div id=\"cmsmasters_heading_69e1fe9887dac5_37733172\" class=\"cmsmasters_heading_wrap cmsmasters_heading_align_left\">\n\t<h2 class=\"cmsmasters_heading\">Newsletter-Archiv<\/h2>\n<\/div>\n\n<div id=\"cmsmasters_divider_69e1fe9887dec0_23959280\" class=\"cl\"><\/div>\n<div class=\"cmsmasters_text\">\n<p>Mai\/Juni 2024<br \/>\n<a href=\"https:\/\/mailchi.mp\/good-search\/maijuni2024\">Geldspende auf&#8217;s Smartphone als Weg aus der Armut \u2197\ufe0f<\/a><\/p>\n<p>April 2024<br \/>\n<a href=\"https:\/\/mailchi.mp\/good-search\/april-2024?e=&#091;UNIQID&#093;\">Mit Farbe aus Plastikabfall Malaria bek\u00e4mpfen \ud83e\udd9f | Enactus Action for Africa<\/a><\/p>\n<p>M\u00e4rz 2024<br \/>\n<a href=\"https:\/\/mailchi.mp\/good-search\/mrz-2024\">\ud83c\udf33 Mini-W\u00e4lder: die Klimal\u00f6sung vor der Haust\u00fcr?<\/a><\/p>\n<p>Februar 2024<br \/>\n<a href=\"https:\/\/mailchi.mp\/good-search\/februar-2024\">Upcycling in der Modebranche hilft Obdachlosen\u00a0<img decoding=\"async\" class=\"emoji\" src=\"https:\/\/cdn-images.mailchimp.com\/product\/emoji\/72\/267b.png\" alt=\"\u267b\ufe0f\" \/><\/a><\/p>\n<p>Januar 2024<br \/>\n<a href=\"https:\/\/mailchi.mp\/good-search\/januar-2024\">R\u00fcckblick 2023 | Beliebteste Artikel \ud83c\udf40\ud83d\udd0d\ud83c\udf0d<\/a><\/p>\n<\/div>\n\n\n<div id=\"cmsmasters_divider_69e1fe9887e657_31360719\" class=\"cl\"><\/div>\n<div class=\"cmsmasters_toggles toggles_mode_toggle\">\n<div class=\"cmsmasters_toggle_wrap\" data-tags=\"all \">\n<div class=\"cmsmasters_toggle_title\">\n<span class=\"cmsmasters_toggle_plus cmsmasters-icon-angle-down\">\n<\/span>\n<a href=\"#\">2023<\/a>\n<\/div>\n<div class=\"cmsmasters_toggle\">\n<div class=\"cmsmasters_toggle_inner\">\n<p>Dezember 2023<br \/>\n<a href=\"https:\/\/mailchi.mp\/good-search\/dezember-2023?e=&#091;UNIQID&#093;\">Wilde Superfr\u00fcchte \ud83d\udc12<\/a><\/p>\n<p class=\"p1\">November 2023<br \/>\n<a href=\"https:\/\/mailchi.mp\/good-search\/november-2023_de\">Mission: Leben retten\u00a0<img decoding=\"async\" class=\"emoji\" src=\"https:\/\/cdn-images.mailchimp.com\/product\/emoji\/72\/1f691.png\" alt=\"\ud83d\ude91\" \/>\u00a0<img decoding=\"async\" class=\"emoji\" src=\"https:\/\/cdn-images.mailchimp.com\/product\/emoji\/72\/2764.png\" alt=\"\u2764\ufe0f\" \/><\/a><\/p>\n<p>Oktober 2023<br \/>\n<a href=\"https:\/\/mailchi.mp\/good-search\/oktober-2023\">SDG 2: Kein Hunger | Ern\u00e4hrung sichern mit Gem\u00fcse-Tauschb\u00f6rsen<\/a><\/p>\n<p>September 2023<br \/>\n<a href=\"https:\/\/mailchi.mp\/good-search\/september-2023-56s158uuhb?e=&#091;UNIQID&#093;\">Fabrikneue Sachspenden\u00a0<img decoding=\"async\" class=\"emoji\" src=\"https:\/\/cdn-images.mailchimp.com\/product\/emoji\/72\/1f49f.png\" alt=\"\ud83d\udc9f\" \/><\/a><\/p>\n<p>August 2023<br \/>\n<a href=\"https:\/\/mailchi.mp\/good-search\/august-2023\">Im Einsatz gegen invasive Arten\u00a0<img decoding=\"async\" class=\"emoji\" src=\"https:\/\/cdn-images.mailchimp.com\/product\/emoji\/72\/1f33f.png\" alt=\"\ud83c\udf3f\" \/><\/a><\/p>\n<p>Juli 2023<br \/>\n<a href=\"https:\/\/mailchi.mp\/good-search\/juli-2023?e=&#091;UNIQID&#093;\">Inklusion durch Sport | Sehenswerte Sport-Dokus\u00a0<img decoding=\"async\" class=\"emoji\" src=\"https:\/\/us15.admin.mailchimp.com\/images\/emoji\/72\/1f3bd.png\" alt=\"\ud83c\udfbd\" \/><\/a><\/p>\n<p>Juni 2023<br \/>\n<a href=\"https:\/\/mailchi.mp\/good-search\/june-2023?e=&#091;UNIQID&#093;\">DIY-L\u00f6sungen f\u00fcr Empowerment und gegen Armut \ud83d\udcaa<\/a><\/p>\n<p class=\"p1\">Mai 2023<br \/>\n<a href=\"https:\/\/mailchi.mp\/good-search\/mai-2023?e=&#091;UNIQID&#093;\">Wertvoller M\u00fcll: Recycling von Ocean Plastic \u267b\ufe0f | UN World Oceans Day 2023<\/a><\/p>\n<p>April 2023<br \/>\n<a href=\"https:\/\/mailchi.mp\/good-search\/pioniere-der-friedensarbeit_bruecken-bauen-fuer-mehr-gerechtigkeit\">Pioniere der Friedensarbeit I Br\u00fccken bauen f\u00fcr mehr Gerechtigkeit\u00a0<span class=\"cqiun4t2 khvhiq1o r5qsrrlp i5tg98hk iqx13udk przvwfww qiohso4h gfz4du6o r7fjleex nz2484kf svot0ezm dcnh1tix sxl192xd t3g6t33p\"><span class=\"\">\u262e\ufe0f<\/span><\/span><\/a><\/p>\n<p>M\u00e4rz 2023<br \/>\n<a href=\"https:\/\/mailchi.mp\/good-search\/oekosystem-meer-korallenriffe-wiederbeleben-sehenswerte-unterwasser-dokus\">\u00d6kosystem Meer | Korallenriffe wiederbeleben | Sehenswerte Unterwasser-Dokus \ud83d\udc20<\/a><\/p>\n<p>Februar 2023<br \/>\n<a href=\"https:\/\/mailchi.mp\/good-search\/good-newsletter-2023_2\">Mode rettet Menschenleben | Solarparks als Wasserfarmen | \u00d6kosystem Meer\u00a0\ud83d\udc20<\/a><\/p>\n<p class=\"p1\">Januar 2023<br \/>\n<a href=\"https:\/\/mailchi.mp\/good-search\/good-newsletter-2023_1\">GOOD Recap 2022 | Mode gegen Menschenhandel | Wasser und Solar<\/a><\/p>\n<\/div>\n<\/div>\n<\/div><\/div>\n\n<div id=\"cmsmasters_divider_69e1fe98880801_87758416\" class=\"cl\"><\/div>\n<div class=\"cmsmasters_toggles toggles_mode_toggle\">\n<div class=\"cmsmasters_toggle_wrap\" data-tags=\"all \">\n<div class=\"cmsmasters_toggle_title\">\n<span class=\"cmsmasters_toggle_plus cmsmasters-icon-angle-down\">\n<\/span>\n<a href=\"#\">2022<\/a>\n<\/div>\n<div class=\"cmsmasters_toggle\">\n<div class=\"cmsmasters_toggle_inner\">\n<p>Dezember 2022<br \/>\n<a href=\"https:\/\/mailchi.mp\/good-search\/good-newsletter-122022?e=&#091;UNIQID&#093;\">Schon geh\u00f6rt? Wir sind jetzt GOOD \ud83d\ude80 Schon gelesen? Wie Ratten Menschen retten \ud83d\udc00 \ud83d\udc9a<\/a><br \/>\n<a href=\"https:\/\/mailchi.mp\/gexsi\/nl-2022-12-08?e=&#091;UNIQID&#093;\">Gexsi wird GOOD \u2014 Wir starten jetzt richtig durch und haben Gexsi umbenannt in GOOD!<\/a><\/p>\n<p>Juni 2022<br \/>\n<a href=\"http:\/\/mailchi.mp\/gexsi\/newsletter-22-06-de\">Saubere Fl\u00fcsse \ud83d\udc1f Slowflowers \ud83c\udf37 Getr\u00e4nke, die Gutes tun<\/a><\/p>\n<p>Mai 2022<br \/>\n<a href=\"https:\/\/mailchi.mp\/gexsi\/newsletter-22-05-de\">Nachhaltige Schnittblumen\u00a0<img decoding=\"async\" class=\"emoji\" src=\"https:\/\/us15.admin.mailchimp.com\/images\/emoji\/72\/1f337.png\" alt=\"\ud83c\udf37\" \/>\u00a0Soziale Startups helfen Wohnungslosen<\/a><\/p>\n<p>April 2022<br \/>\n<a href=\"https:\/\/mailchi.mp\/gexsi\/newsletter-22-04-de\">Weltweit wirken \ud83c\udf0f Projekte, die Gexsi unterst\u00fctzt<\/a><\/p>\n<p>M\u00e4rz 2022<br \/>\n<a href=\"https:\/\/mailchi.mp\/gexsi\/newsletter-22-03-de\">Social Impact durch zukunftsweisende Projekte\u00a0\ud83d\ude80<\/a><\/p>\n<\/div>\n<\/div>\n<\/div><\/div>\n\n<div id=\"cmsmasters_divider_69e1fe98881a11_60312603\" class=\"cl\"><\/div>\n<div class=\"cmsmasters_toggles toggles_mode_toggle\">\n<div class=\"cmsmasters_toggle_wrap\" data-tags=\"all \">\n<div class=\"cmsmasters_toggle_title\">\n<span class=\"cmsmasters_toggle_plus cmsmasters-icon-angle-down\">\n<\/span>\n<a href=\"#\">2021<\/a>\n<\/div>\n<div class=\"cmsmasters_toggle\">\n<div class=\"cmsmasters_toggle_inner\">\n<p>April 2021<br \/>\n<a href=\"https:\/\/mailchi.mp\/gexsi\/newsletter-21-03-de-1626474?e=&#091;UNIQID&#093;\">Lotion als Malariaschutz | Klimaschutz und Frieden durch saubere Energie<\/a><\/p>\n<p>M\u00e4rz 2021<br \/>\n<a href=\"https:\/\/mailchi.mp\/gexsi\/newsletter-21-03-de?e=&#091;UNIQID&#093;\">Neue Tools bei Gexsi | Bildung durch Skateboarding | Weniger M\u00fcll im Meer<\/a><\/p>\n<p>Februar 2021<br \/>\n<a href=\"https:\/\/mailchi.mp\/gexsi\/newsletter-21-02-de?e=&#091;UNIQID&#093;\">Alternativen zur Spende | Spotlight Eye Care | Weniger M\u00fcll im Bad<\/a><\/p>\n<p>Januar 2021<br \/>\n<a href=\"https:\/\/mailchi.mp\/gexsi\/newsletter-21-01-29-de?e=&#091;UNIQID&#093;\" target=\"_blank\" rel=\"noopener\">Flaschenpfand f\u00fcr Asien | Nachhaltigkeit im Kaffeesektor | Highlights 2020<\/a><\/p>\n<\/div>\n<\/div>\n<\/div><\/div>\n\n<div id=\"cmsmasters_divider_69e1fe988829b0_71336775\" class=\"cl\"><\/div>\n<div class=\"cmsmasters_toggles toggles_mode_toggle\">\n<div class=\"cmsmasters_toggle_wrap\" data-tags=\"all \">\n<div class=\"cmsmasters_toggle_title\">\n<span class=\"cmsmasters_toggle_plus cmsmasters-icon-angle-down\">\n<\/span>\n<a href=\"#\">2020<\/a>\n<\/div>\n<div class=\"cmsmasters_toggle\">\n<div class=\"cmsmasters_toggle_inner\">\n<p>Dezember 2020<br \/>\n<a href=\"https:\/\/mailchi.mp\/gexsi\/newsletter-20-12-11-de?e=&#091;UNIQID&#093;\" target=\"_blank\" rel=\"noopener\">Demokratie in den USA |\u00a0Entrepreneurship f\u00fcr junge Menschen\u00a0| Mangelern\u00e4hrung beseitigen\u00a0<\/a><\/p>\n<p>September 2020<br \/>\n<a href=\"https:\/\/mailchi.mp\/gexsi\/newsletter-20-09-de?e=&#091;UNIQID&#093;\" target=\"_blank\" rel=\"noopener\">F\u00f6rderung sozialer Innovatoren in der Metropolregion Rhein-Ruhr\u00a0<\/a><\/p>\n<p>August 2020<br \/>\n<a href=\"https:\/\/mailchi.mp\/gexsi\/newsletter-20-08-04\" target=\"_blank\" rel=\"noopener\">Keine Chance f\u00fcr Datenhaie; 6 Dinge, die Gexsi besser macht als Google<\/a><\/p>\n<p>Juli 2020 (Sonderausgabe)<br \/>\n<a href=\"https:\/\/mailchi.mp\/gexsi\/newsletter_20-06-de-1567690\" target=\"_blank\" rel=\"noopener\">Mango Solar gewinnt Gexsi Impact Challenge<\/a><\/p>\n<p>Juli 2020<br \/>\n<a href=\"https:\/\/mailchi.mp\/gexsi\/newsletter_20-06-de-1571202\" target=\"_blank\" rel=\"noopener\">Unterst\u00fctze jetzt dein \u2764\ufe0f Social Startup!<\/a><\/p>\n<p>Juni 2020<br \/>\n<a href=\"https:\/\/us15.campaign-archive.com\/?e=&amp;u=a50f7e921adc3f89db60a7862&amp;id=63ee06c878\" target=\"_blank\" rel=\"noopener\">Wie neue Initiativen die Welt positiv ver\u00e4ndern<\/a><\/p>\n<p>April 2020<br \/>\n<a href=\"https:\/\/mailchi.mp\/gexsi\/app-1525213?e=&#091;UNIQID&#093;\" target=\"_blank\" rel=\"noopener\">Nachbarschaftshilfe in der Coronakrise<\/a><\/p>\n<p>Januar 2020<br \/>\n<a href=\"https:\/\/mailchi.mp\/gexsi\/app?e=8687433e45\" target=\"_blank\" rel=\"noopener\">Die Gexsi App ist live!<\/a><\/p>\n<\/div>\n<\/div>\n<\/div><\/div>\n\n<div id=\"cmsmasters_divider_69e1fe98883bc3_89874457\" class=\"cl\"><\/div>\n<div class=\"cmsmasters_toggles toggles_mode_toggle\">\n<div class=\"cmsmasters_toggle_wrap\" data-tags=\"all \">\n<div class=\"cmsmasters_toggle_title\">\n<span class=\"cmsmasters_toggle_plus cmsmasters-icon-angle-down\">\n<\/span>\n<a href=\"#\">2019<\/a>\n<\/div>\n<div class=\"cmsmasters_toggle\">\n<div class=\"cmsmasters_toggle_inner\">\n<p>September 2019<br \/>\n<a href=\"https:\/\/mailchi.mp\/b6b66da55027\/umfrage-712189?e=&#091;UNIQID&#093;\" target=\"_blank\" rel=\"noopener\">Gexsi Impact Challenge #1 \u2013\u00a0Du brauchst ein wenig Hilfe, um deine Idee zu verwirklichen?<\/a><\/p>\n<p>Juli 2019<br \/>\n<a href=\"https:\/\/mailchi.mp\/0c2691a4b6eb\/umfrage-654729\" target=\"_blank\" rel=\"noopener\">Pfandgeben, Liter of Light \u2013 Mit leeren Flaschen Gutes bewirken<\/a><\/p>\n<p>Mai 2019<br \/>\n<a href=\"https:\/\/mailchi.mp\/d41b1b3d1eb8\/umfrage-643445?e=&#091;UNIQID&#093;\" target=\"_blank\" rel=\"noopener\">Europawahl | Sozialvertr\u00e4gliches Reisen | Gexsi unterwegs<\/a><\/p>\n<p>April 2019<br \/>\n<a href=\"https:\/\/mailchi.mp\/b140528406c0\/umfrage?e=&#091;UNIQID&#093;\" target=\"_blank\" rel=\"noopener\">Umfrage: Sozial-ethische Suchmaschine f\u00fcr Organisationen<\/a><\/p>\n<p>Februar 2019<br \/>\n<a href=\"https:\/\/mailchi.mp\/b63cbf7089b0\/aquaponik-fuer-afrika-selbstversorgung-mit-nachhaltiger-fischzucht?e=&#091;UNIQID&#093;\" target=\"_blank\" rel=\"noopener\">Aquaponik f\u00fcr Afrika<\/a><\/p>\n<p>Januar 2019<br \/>\n<a href=\"https:\/\/us15.campaign-archive.com\/?u=a50f7e921adc3f89db60a7862&amp;id=1ed04858fb\" target=\"_blank\" rel=\"noopener\">Mehr Privatsph\u00e4re mit Gexsi<\/a><\/p>\n<\/div>\n<\/div>\n<\/div><\/div>\n\n<div id=\"cmsmasters_divider_69e1fe98884c67_25284094\" class=\"cl\"><\/div>\n<div class=\"cmsmasters_toggles toggles_mode_toggle\">\n<div class=\"cmsmasters_toggle_wrap\" data-tags=\"all \">\n<div class=\"cmsmasters_toggle_title\">\n<span class=\"cmsmasters_toggle_plus cmsmasters-icon-angle-down\">\n<\/span>\n<a href=\"#\">2018<\/a>\n<\/div>\n<div class=\"cmsmasters_toggle\">\n<div class=\"cmsmasters_toggle_inner\">\n<p>Dezember 2018<br \/>\n<a href=\"https:\/\/mailchi.mp\/20ec7df934c5\/einladung-launch-gexsi-die-suchmaschine-fr-eine-bessere-welt-572557?e=20a09a722f\" target=\"_blank\" rel=\"noopener\">365 Tage im Jahr Gutes tun!<\/a><\/p>\n<p>November 2018<br \/>\n<a href=\"https:\/\/mailchi.mp\/c9275cee7dbd\/mobiler-solarkiosk-fr-die-digitale-vernetzung-in-ostafrika-557033?e=&#091;UNIQID&#093;\" target=\"_blank\" rel=\"noopener\">Myclimate &#8211; Berggorilla-Projekt<\/a><\/p>\n<p>Oktober 2018<br \/>\n<a title=\"Ecosack \u2013 M\u00fcllbeutel aus M\u00fcll\" href=\"http:\/\/eepurl.com\/dICPVn\" target=\"_blank\" rel=\"noopener\">Ecosack \u2013 M\u00fcllbeutel aus M\u00fcll<\/a><\/p>\n<p>September 2018<br \/>\n<a title=\"Mobiler Solarkiosk f\u00fcr die digitale Vernetzung in Ostafrika\" href=\"http:\/\/eepurl.com\/dF2LGL\" target=\"_blank\" rel=\"noopener\">Mobiler Solarkiosk f\u00fcr die digitale Vernetzung in Ostafrika<\/a><\/p>\n<\/div>\n<\/div>\n<\/div><\/div>\n<\/div>\n<div class=\"cmsmasters_column one_half\">\n\n<div id=\"cmsmasters_heading_69e1fe98887255_90479639\" class=\"cmsmasters_heading_wrap cmsmasters_heading_align_left\">\n\t<h2 class=\"cmsmasters_heading\">Newsletter abonnieren<\/h2>\n<\/div>\n\n<div id=\"cmsmasters_divider_69e1fe98887546_50465650\" class=\"cl\"><\/div>\n<div class=\"custom_html\">\n<p><!-- Begin Mailchimp Signup Form --><\/p>\n<div id=\"mc_embed_signup\">\n<form action=\"https:\/\/gexsi.us15.list-manage.com\/subscribe\/post?u=a50f7e921adc3f89db60a7862&id=a5b40bad31&f_id=00d393e0f0\" method=\"post\" id=\"mc-embedded-subscribe-form\" name=\"mc-embedded-subscribe-form\" class=\"validate\" target=\"_self\">\n<div id=\"mc_embed_signup_scroll\">\n<div class=\"indicates-required\"><span class=\"asterisk\"><\/span><\/div>\n<div class=\"mc-field-group\">\n\t<label for=\"mce-EMAIL\">E-Mail Adresse:  <span class=\"asterisk\">*<\/span><br \/>\n<\/label><br \/>\n\t<input type=\"email\" value=\"\" name=\"EMAIL\" class=\"required email\" id=\"mce-EMAIL\" required><br \/>\n\t<span id=\"mce-EMAIL-HELPERTEXT\" class=\"helper_text\"><\/span>\n<\/div>\n<div class=\"mc-field-group\">\n\t<label for=\"mce-FNAME\"><br \/>Vorname: <\/label><br \/>\n\t<input type=\"text\" value=\"\" name=\"FNAME\" class=\"\" id=\"mce-FNAME\"><br \/>\n\t<span id=\"mce-FNAME-HELPERTEXT\" class=\"helper_text\"><\/span>\n<\/div>\n<div class=\"mc-field-group\">\n\t<label for=\"mce-LNAME\"><br \/>Name: <\/label><br \/>\n\t<input type=\"text\" value=\"\" name=\"LNAME\" class=\"\" id=\"mce-LNAME\"><br \/>\n\t<span id=\"mce-LNAME-HELPERTEXT\" class=\"helper_text\"><\/span>\n<\/div>\n<div hidden=\"true\"><input type=\"hidden\" name=\"tags\" value=\"2313016\"><\/div>\n<div id=\"mce-responses\" class=\"clear\">\n<div class=\"response\" id=\"mce-error-response\" style=\"display:none\"><\/div>\n<div class=\"response\" id=\"mce-success-response\" style=\"display:none\"><\/div><\/div>\n<p>    <!-- real people should not fill this in and expect good things - do not remove this or risk form bot signups--><\/p>\n<div style=\"position: absolute; left: -5000px;\" aria-hidden=\"true\"><input type=\"text\" name=\"b_a50f7e921adc3f89db60a7862_a5b40bad31\" tabindex=\"-1\" value=\"\"><\/div>\n<div class=\"clear\"><input type=\"submit\" value=\"Absenden\" name=\"subscribe\" id=\"mc-embedded-subscribe\" class=\"button\"><\/div><\/div>\n<\/form>\n<\/div>\n<p><!--End mc_embed_signup--><\/p>\n<\/div>\n<\/div>\n<\/div>\n<\/div>\n<\/div>\n<\/div>\n<\/div>\n<div id=\"cmsmasters_row_69e1fe98888472_71302681\" class=\"cmsmasters_row cmsmasters_color_scheme_default cmsmasters_row_top_default cmsmasters_row_bot_default cmsmasters_row_boxed\">\n<div class=\"cmsmasters_row_outer_parent\">\n<div class=\"cmsmasters_row_outer\">\n<div class=\"cmsmasters_row_inner\">\n<div class=\"cmsmasters_row_margin\">\n<div class=\"cmsmasters_column one_first\">\n<div id=\"cmsmasters_video_wrap_69e1fe9888c115_33398380\" class=\"cmsmasters_video_wrap\">\n<\/div>\n<\/div>\n<\/div>\n<\/div>\n<\/div>\n<\/div>\n<\/div>\n\n","protected":false},"excerpt":{"rendered":"","protected":false},"author":1,"featured_media":0,"parent":0,"menu_order":0,"comment_status":"closed","ping_status":"closed","template":"","meta":{"_acf_changed":false,"footnotes":""},"acf":[],"_links":{"self":[{"href":"https:\/\/good-search.org\/about\/wp-json\/wp\/v2\/pages\/1922"}],"collection":[{"href":"https:\/\/good-search.org\/about\/wp-json\/wp\/v2\/pages"}],"about":[{"href":"https:\/\/good-search.org\/about\/wp-json\/wp\/v2\/types\/page"}],"author":[{"embeddable":true,"href":"https:\/\/good-search.org\/about\/wp-json\/wp\/v2\/users\/1"}],"replies":[{"embeddable":true,"href":"https:\/\/good-search.org\/about\/wp-json\/wp\/v2\/comments?post=1922"}],"version-history":[{"count":74,"href":"https:\/\/good-search.org\/about\/wp-json\/wp\/v2\/pages\/1922\/revisions"}],"predecessor-version":[{"id":15064,"href":"https:\/\/good-search.org\/about\/wp-json\/wp\/v2\/pages\/1922\/revisions\/15064"}],"wp:attachment":[{"href":"https:\/\/good-search.org\/about\/wp-json\/wp\/v2\/media?parent=1922"}],"curies":[{"name":"wp","href":"https:\/\/api.w.org\/{rel}","templated":true}]}}