{"id":13880,"date":"2023-09-25T09:46:28","date_gmt":"2023-09-25T09:46:28","guid":{"rendered":"https:\/\/good-search.org\/about\/?page_id=13880"},"modified":"2024-12-16T21:28:23","modified_gmt":"2024-12-16T21:28:23","slug":"klimapositiv","status":"publish","type":"page","link":"https:\/\/good-search.org\/about\/klimapositiv\/","title":{"rendered":"Klimapositiv"},"content":{"rendered":"<style type=\"text\/css\"> \n#cmsmasters_row_69e1e007a92725_47091700 { \n\tbackground-color:#ffffff;\n\tbackground-image: url(https:\/\/good-search.org\/about\/wp-content\/uploads\/2022\/10\/good-search-transparenz.jpg); \n\tbackground-position: bottom right; \n\tbackground-repeat: no-repeat; \n\tbackground-attachment: scroll; \n\tbackground-size: contain; \n} \n\n#cmsmasters_row_69e1e007a92725_47091700 .cmsmasters_row_outer_parent { \n\tpadding-top: 0px; \n} \n\n#cmsmasters_row_69e1e007a92725_47091700 .cmsmasters_row_outer_parent { \n\tpadding-bottom: 0px; \n} \n\n \n#cmsmasters_heading_69e1e007a94fd9_90037624 { \n\ttext-align:left; \n\tmargin-top:0px; \n\tmargin-bottom:20px; \n} \n\n#cmsmasters_heading_69e1e007a94fd9_90037624 .cmsmasters_heading { \n\ttext-align:left; \n} \n\n#cmsmasters_heading_69e1e007a94fd9_90037624 .cmsmasters_heading, #cmsmasters_heading_69e1e007a94fd9_90037624 .cmsmasters_heading a { \n\tfont-size:15px; \n\tline-height:40px; \n\tfont-weight:300; \n\tfont-style:normal; \n\tcolor:#000000;\n} \n\n#cmsmasters_heading_69e1e007a94fd9_90037624 .cmsmasters_heading_divider { \n} \n\n \n#cmsmasters_heading_69e1e007a95472_74371594 { \n\ttext-align:left; \n\tmargin-top:0px; \n\tmargin-bottom:20px; \n} \n\n#cmsmasters_heading_69e1e007a95472_74371594 .cmsmasters_heading { \n\ttext-align:left; \n} \n\n#cmsmasters_heading_69e1e007a95472_74371594 .cmsmasters_heading, #cmsmasters_heading_69e1e007a95472_74371594 .cmsmasters_heading a { \n\tfont-size:35px; \n\tline-height:40px; \n\tfont-weight:600; \n\tfont-style:normal; \n\tcolor:#4627bf;\n} \n\n#cmsmasters_heading_69e1e007a95472_74371594 .cmsmasters_heading_divider { \n} \n\n \n\n#cmsmasters_fb_69e1e007a97fa1_77462203 { \n\tpadding-top:0px; \n\tpadding-bottom:0px; \n\tbackground-color:rgba(204,204,204,0);\n} \n\n#cmsmasters_fb_69e1e007a97fa1_77462203 .featured_block_inner { \n\twidth: 100%; \n\tpadding: 20% 0px 0px 0px;; \n\ttext-align: left; \n\tmargin:0 auto; \n} \n\n#cmsmasters_fb_69e1e007a97fa1_77462203 .featured_block_text { \n\ttext-align: left; \n} \n\n \n#cmsmasters_row_69e1e007a98402_32621431 { \n\tbackground-color:#f8f9fb;\n} \n\n#cmsmasters_row_69e1e007a98402_32621431 .cmsmasters_row_outer_parent { \n\tpadding-top: 70px; \n} \n\n#cmsmasters_row_69e1e007a98402_32621431 .cmsmasters_row_outer_parent { \n\tpadding-bottom: 70px; \n} \n\n \n#cmsmasters_divider_69e1e007a9a401_41776896 { \n\tborder-bottom-width:0px; \n\tborder-bottom-style:solid; \n\tpadding-top:15px; \n\tmargin-bottom:10px; \n} \n \n#cmsmasters_heading_69e1e007a9aa75_67280037 { \n\ttext-align:center; \n\tmargin-top:0px; \n\tmargin-bottom:20px; \n} \n\n#cmsmasters_heading_69e1e007a9aa75_67280037 .cmsmasters_heading { \n\ttext-align:center; \n} \n\n#cmsmasters_heading_69e1e007a9aa75_67280037 .cmsmasters_heading, #cmsmasters_heading_69e1e007a9aa75_67280037 .cmsmasters_heading a { \n\tfont-size:24px; \n\tfont-weight:600; \n\tfont-style:normal; \n\tcolor:#22bd92;\n} \n\n#cmsmasters_heading_69e1e007a9aa75_67280037 .cmsmasters_heading_divider { \n} \n\n \n#cmsmasters_divider_69e1e007a9c014_74786033 { \n\tborder-bottom-width:0px; \n\tborder-bottom-style:solid; \n\tpadding-top:15px; \n\tmargin-bottom:10px; \n} \n \n#cmsmasters_heading_69e1e007a9c488_28749342 { \n\ttext-align:center; \n\tmargin-top:0px; \n\tmargin-bottom:20px; \n} \n\n#cmsmasters_heading_69e1e007a9c488_28749342 .cmsmasters_heading { \n\ttext-align:center; \n} \n\n#cmsmasters_heading_69e1e007a9c488_28749342 .cmsmasters_heading, #cmsmasters_heading_69e1e007a9c488_28749342 .cmsmasters_heading a { \n\tfont-size:24px; \n\tfont-weight:600; \n\tfont-style:normal; \n\tcolor:#22bd92;\n} \n\n#cmsmasters_heading_69e1e007a9c488_28749342 .cmsmasters_heading_divider { \n} \n\n \n#cmsmasters_divider_69e1e007a9dbd3_15028373 { \n\tborder-bottom-width:0px; \n\tborder-bottom-style:solid; \n\tpadding-top:15px; \n\tmargin-bottom:10px; \n} \n \n#cmsmasters_heading_69e1e007a9e202_22275248 { \n\ttext-align:center; \n\tmargin-top:0px; \n\tmargin-bottom:20px; \n} \n\n#cmsmasters_heading_69e1e007a9e202_22275248 .cmsmasters_heading { \n\ttext-align:center; \n} \n\n#cmsmasters_heading_69e1e007a9e202_22275248 .cmsmasters_heading, #cmsmasters_heading_69e1e007a9e202_22275248 .cmsmasters_heading a { \n\tfont-size:24px; \n\tfont-weight:600; \n\tfont-style:normal; \n\tcolor:#22bd92;\n} \n\n#cmsmasters_heading_69e1e007a9e202_22275248 .cmsmasters_heading_divider { \n} \n\n \n#cmsmasters_row_69e1e007a9e992_96266383 .cmsmasters_row_outer_parent { \n\tpadding-top: 100px; \n} \n\n#cmsmasters_row_69e1e007a9e992_96266383 .cmsmasters_row_outer_parent { \n\tpadding-bottom: 100px; \n} \n\n \n\n#cmsmasters_fb_69e1e007aa0264_37839747 { \n\tpadding-top:0px; \n\tpadding-bottom:0px; \n\tbackground-color:#ffffff;\n} \n\n#cmsmasters_fb_69e1e007aa0264_37839747 .featured_block_inner { \n\twidth: 89%; \n\tpadding: 0 0 0 0; \n\ttext-align: left; \n\tfloat:left; \n} \n\n#cmsmasters_fb_69e1e007aa0264_37839747 .featured_block_text { \n\ttext-align: left; \n} \n\n\n#cmsmasters_button_69e1e007aa0776_15886961 { \n\tfloat:left; \n} \n\n#cmsmasters_button_69e1e007aa0776_15886961 .cmsmasters_button:before { \n\tmargin-right:.5em; \n\tmargin-left:0; \n\tvertical-align:baseline; \n} \n\n#cmsmasters_button_69e1e007aa0776_15886961 .cmsmasters_button { \n\tfont-weight:bold; \n\tfont-style:normal; \n\tborder-width:1px; \n\tborder-style:solid; \n\t-webkit-border-radius:0; \n\tborder-radius:0; \n\tbackground-color:#ffffff;\n\tcolor:#4726bf;\n\tborder-color:#4726bf;\n} \n#cmsmasters_button_69e1e007aa0776_15886961 .cmsmasters_button:hover { \n\tbackground-color:#4726bf;\n\tcolor:#ffffff;\n\tborder-color:#4726bf;\n} \n \n#cmsmasters_row_69e1e007aa2433_50805437 { \n\tbackground-color:#f8f9fb;\n} \n\n#cmsmasters_row_69e1e007aa2433_50805437 .cmsmasters_row_outer_parent { \n\tpadding-top: 70px; \n} \n\n#cmsmasters_row_69e1e007aa2433_50805437 .cmsmasters_row_outer_parent { \n\tpadding-bottom: 70px; \n} \n\n \n#cmsmasters_heading_69e1e007aa2e82_71575633 { \n\ttext-align:left; \n\tmargin-top:0px; \n\tmargin-bottom:20px; \n} \n\n#cmsmasters_heading_69e1e007aa2e82_71575633 .cmsmasters_heading { \n\ttext-align:left; \n} \n\n#cmsmasters_heading_69e1e007aa2e82_71575633 .cmsmasters_heading, #cmsmasters_heading_69e1e007aa2e82_71575633 .cmsmasters_heading a { \n\tfont-size:15px; \n\tfont-weight:normal; \n\tfont-style:normal; \n} \n\n#cmsmasters_heading_69e1e007aa2e82_71575633 .cmsmasters_heading_divider { \n} \n\n \n#cmsmasters_divider_69e1e007aa3a21_60064515 { \n\tborder-bottom-width:0px; \n\tborder-bottom-style:solid; \n\tpadding-top:29px; \n\tmargin-bottom:15px; \n} \n \n#cmsmasters_divider_69e1e007aa49e5_20721102 { \n\tborder-bottom-width:0px; \n\tborder-bottom-style:solid; \n\tpadding-top:20px; \n\tmargin-bottom:10px; \n} \n \n#cmsmasters_row_69e1e007aa4fb3_67273717 .cmsmasters_row_outer_parent { \n\tpadding-top: 100px; \n} \n\n#cmsmasters_row_69e1e007aa4fb3_67273717 .cmsmasters_row_outer_parent { \n\tpadding-bottom: 100px; \n} \n\n \n#cmsmasters_heading_69e1e007aa6595_32940335 { \n\ttext-align:left; \n\tmargin-top:0px; \n\tmargin-bottom:20px; \n} \n\n#cmsmasters_heading_69e1e007aa6595_32940335 .cmsmasters_heading { \n\ttext-align:left; \n} \n\n#cmsmasters_heading_69e1e007aa6595_32940335 .cmsmasters_heading, #cmsmasters_heading_69e1e007aa6595_32940335 .cmsmasters_heading a { \n\tfont-size:15px; \n\tfont-weight:normal; \n\tfont-style:normal; \n} \n\n#cmsmasters_heading_69e1e007aa6595_32940335 .cmsmasters_heading_divider { \n} \n\n \n\n#cmsmasters_fb_69e1e007aa6b42_00576832 { \n\tpadding-top:0px; \n\tpadding-bottom:0px; \n\tbackground-color:#ffffff;\n} \n\n#cmsmasters_fb_69e1e007aa6b42_00576832 .featured_block_inner { \n\twidth: 89%; \n\tpadding: 0 0 0 0; \n\ttext-align: left; \n\tfloat:left; \n} \n\n#cmsmasters_fb_69e1e007aa6b42_00576832 .featured_block_text { \n\ttext-align: left; \n} \n\n \n\n#cmsmasters_fb_69e1e007aa6f94_55209918 { \n\tpadding-top:0px; \n\tpadding-bottom:0px; \n\tbackground-color:#ffffff;\n} \n\n#cmsmasters_fb_69e1e007aa6f94_55209918 .featured_block_inner { \n\twidth: 89%; \n\tpadding: 0 0 0 0; \n\ttext-align: left; \n\tfloat:left; \n} \n\n#cmsmasters_fb_69e1e007aa6f94_55209918 .featured_block_text { \n\ttext-align: left; \n} \n\n \n#cmsmasters_row_69e1e007aa81b6_63461787 { \n\tbackground-color:#22bd92;\n} \n\n#cmsmasters_row_69e1e007aa81b6_63461787 .cmsmasters_row_outer_parent { \n\tpadding-top: 80px; \n} \n\n#cmsmasters_row_69e1e007aa81b6_63461787 .cmsmasters_row_outer_parent { \n\tpadding-bottom: 0px; \n} \n\n \n#cmsmasters_heading_69e1e007aa9248_93320150 { \n\ttext-align:center; \n\tmargin-top:0px; \n\tmargin-bottom:0px; \n} \n\n#cmsmasters_heading_69e1e007aa9248_93320150 .cmsmasters_heading { \n\ttext-align:center; \n} \n\n#cmsmasters_heading_69e1e007aa9248_93320150 .cmsmasters_heading, #cmsmasters_heading_69e1e007aa9248_93320150 .cmsmasters_heading a { \n\tfont-weight:600; \n\tfont-style:normal; \n\tcolor:#ffffff;\n} \n\n#cmsmasters_heading_69e1e007aa9248_93320150 .cmsmasters_heading_divider { \n} \n\n \n\n#cmsmasters_fb_69e1e007aa9455_73942123 { \n\tpadding-top:0px; \n\tpadding-bottom:0px; \n\tbackground-color:#22bd92;\n} \n\n#cmsmasters_fb_69e1e007aa9455_73942123 .featured_block_inner { \n\twidth: 70%; \n\tpadding: ; \n\ttext-align: center; \n\tmargin:0 auto; \n} \n\n#cmsmasters_fb_69e1e007aa9455_73942123 .featured_block_text { \n\ttext-align: center; \n} \n\n \n#cmsmasters_row_69e1e007aa97d0_72590710 { \n\tbackground-color:#22bd92;\n} \n\n#cmsmasters_row_69e1e007aa97d0_72590710 .cmsmasters_row_outer_parent { \n\tpadding-top: 0px; \n} \n\n#cmsmasters_row_69e1e007aa97d0_72590710 .cmsmasters_row_outer_parent { \n\tpadding-bottom: 80px; \n} \n\n\n#cmsmasters_button_69e1e007aaa385_18600234 { \n\ttext-align:center; \n} \n\n#cmsmasters_button_69e1e007aaa385_18600234 .cmsmasters_button:before { \n\tmargin-right:.5em; \n\tmargin-left:0; \n\tvertical-align:baseline; \n} \n\n#cmsmasters_button_69e1e007aaa385_18600234 .cmsmasters_button { \n\tfont-weight:bold; \n\tfont-style:normal; \n\tborder-width:1px; \n\tborder-style:solid; \n\tbackground-color:#ffffff;\n\tcolor:#22bd92;\n\tborder-color:#ffffff;\n} \n#cmsmasters_button_69e1e007aaa385_18600234 .cmsmasters_button:hover { \n\tbackground-color:#22bd92;\n\tcolor:#ffffff;\n\tborder-color:#ffffff;\n} \n<\/style><div id=\"cmsmasters_row_69e1e007a92725_47091700\" class=\"cmsmasters_row cmsmasters_color_scheme_default cmsmasters_row_top_default cmsmasters_row_bot_default cmsmasters_row_boxed\">\n<div class=\"cmsmasters_row_outer_parent\">\n<div class=\"cmsmasters_row_outer\">\n<div class=\"cmsmasters_row_inner\">\n<div class=\"cmsmasters_row_margin\">\n<div class=\"cmsmasters_column one_half gross\">\n\n<div id=\"cmsmasters_heading_69e1e007a94fd9_90037624\" class=\"cmsmasters_heading_wrap cmsmasters_heading_align_left\">\n\t<h4 class=\"cmsmasters_heading\">KLIMAPOSITIV<\/h4>\n<\/div>\n<div id=\"cmsmasters_heading_69e1e007a95472_74371594\" class=\"cmsmasters_heading_wrap cmsmasters_heading_align_left\">\n\t<h1 class=\"cmsmasters_heading\">Unser Beitrag zum Klimaschutz<\/h1>\n<\/div><div class=\"cmsmasters_text\">\n<p style=\"text-align: left\"><span style=\"font-weight: 400\">Es reicht heute nicht, der Umwelt keinen Schaden zuzuf\u00fcgen. Es geht darum, unsere Umwelt- und Klimakrise zu l\u00f6sen. Wir verfolgen daher ein regeneratives Gesch\u00e4ftsmodell, das den Planeten in einem besseren Zustand hinterl\u00e4sst als wir ihn vorgefunden haben. <\/span><\/p>\n<\/div>\n<\/div>\n<div class=\"cmsmasters_column one_half\">\n<div id=\"cmsmasters_fb_69e1e007a97fa1_77462203\" class=\"cmsmasters_featured_block\">\n<div class=\"featured_block_inner\">\n<div class=\"featured_block_text\"><p><\/p>\n<\/div>\n<\/div>\n<\/div>\n<\/div>\n<\/div>\n<\/div>\n<\/div>\n<\/div>\n<\/div>\n<div id=\"cmsmasters_row_69e1e007a98402_32621431\" class=\"cmsmasters_row cmsmasters_color_scheme_default cmsmasters_row_top_default cmsmasters_row_bot_default cmsmasters_row_boxed\">\n<div class=\"cmsmasters_row_outer_parent\">\n<div class=\"cmsmasters_row_outer\">\n<div class=\"cmsmasters_row_inner\">\n<div class=\"cmsmasters_row_margin\">\n<div class=\"cmsmasters_column one_third\">\n<div class=\"aligncenter\">\n<div class=\"cmsmasters_img  cmsmasters_image_c\">\n<img decoding=\"async\" src=\"https:\/\/good-search.org\/about\/wp-content\/uploads\/2023\/09\/iconmonstr-weather-91-240-e1695638645686.png\" \/>\n<\/div>\n<\/div>\n\n<div id=\"cmsmasters_divider_69e1e007a9a401_41776896\" class=\"cl\"><\/div>\n\n<div id=\"cmsmasters_heading_69e1e007a9aa75_67280037\" class=\"cmsmasters_heading_wrap cmsmasters_heading_align_center\">\n\t<h2 class=\"cmsmasters_heading\">Reduktion des CO2 Fu\u00dfabdrucks <\/h2>\n<\/div><div class=\"cmsmasters_text\">\n<p style=\"text-align: center\"><span style=\"font-weight: 400\">Datensparsame Suche ohne Tracker und unn\u00f6tiger Werbung. Keine Zusammenarbeit mit Werbeindustrie, die mit viel Rechenleistungen und KI Nutzerverhalten analysiert<\/span><\/p>\n<\/div>\n<\/div>\n<div class=\"cmsmasters_column one_third\">\n<div class=\"aligncenter\">\n<div class=\"cmsmasters_img  cmsmasters_image_c\">\n<img decoding=\"async\" src=\"https:\/\/good-search.org\/about\/wp-content\/uploads\/2023\/09\/iconmonstr-connection-8-240-e1695638671795.png\" \/>\n<\/div>\n<\/div>\n\n<div id=\"cmsmasters_divider_69e1e007a9c014_74786033\" class=\"cl\"><\/div>\n\n<div id=\"cmsmasters_heading_69e1e007a9c488_28749342\" class=\"cmsmasters_heading_wrap cmsmasters_heading_align_center\">\n\t<h2 class=\"cmsmasters_heading\">Doppelter CO2-Ausgleich<\/h2>\n<\/div><div class=\"cmsmasters_text\">\n<p style=\"text-align: center\"><span style=\"font-weight: 400\">Ausgleich aller CO2 Emissionen der Suche unabh\u00e4ngig von den Klimaschutzanstrengungen unserer Partner<\/span><\/p>\n<\/div>\n<\/div>\n<div class=\"cmsmasters_column one_third\">\n<div class=\"aligncenter\">\n<div class=\"cmsmasters_img  cmsmasters_image_c\">\n<img decoding=\"async\" src=\"https:\/\/good-search.org\/about\/wp-content\/uploads\/2023\/09\/iconmonstr-globe-2-240-e1695638574234.png\" \/>\n<\/div>\n<\/div>\n\n<div id=\"cmsmasters_divider_69e1e007a9dbd3_15028373\" class=\"cl\"><\/div>\n\n<div id=\"cmsmasters_heading_69e1e007a9e202_22275248\" class=\"cmsmasters_heading_wrap cmsmasters_heading_align_center\">\n\t<h2 class=\"cmsmasters_heading\">Soziale Innovationen f\u00fcr den Klimaschutz <\/h2>\n<\/div><div class=\"cmsmasters_text\">\n<p style=\"text-align: center\"><span style=\"font-weight: 400\">F\u00f6rderung innovativer Klimaschutzl\u00f6sungen mit sozialem Impact \u00fcber unser Impact Portfolio<\/span><\/p>\n<\/div>\n<\/div>\n<\/div>\n<\/div>\n<\/div>\n<\/div>\n<\/div>\n<div id=\"cmsmasters_row_69e1e007a9e992_96266383\" class=\"cmsmasters_row cmsmasters_color_scheme_default cmsmasters_row_top_default cmsmasters_row_bot_default cmsmasters_row_boxed\">\n<div class=\"cmsmasters_row_outer_parent\">\n<div class=\"cmsmasters_row_outer\">\n<div class=\"cmsmasters_row_inner\">\n<div class=\"cmsmasters_row_margin\">\n<div class=\"cmsmasters_column three_fourth\">\n<div class=\"cmsmasters_text\">\n<h2 style=\"text-align: left\">Unsere CO2 Bilanz:\u00a0<strong><em>klimapositiv<\/em><\/strong><\/h2>\n<\/div>\n<div id=\"cmsmasters_fb_69e1e007aa0264_37839747\" class=\"cmsmasters_featured_block\">\n<div class=\"featured_block_inner\">\n<div class=\"featured_block_text\">\n<p><span style=\"font-weight: 400\">Wir berechnen die CO2 Emissionen entlang der kompletten Wertsch\u00f6pfungskette und gehen dabei konservativ vor:<\/span><\/p>\n<ul>\n<li><span style=\"font-weight: 400\">Wir rechnen mit einem Wert von <strong>1,45g<\/strong> pro Suchanfrage, obwohl die einer Suche direkt zurechenbaren Emissionen nach Berechnungen von Google bei nur 0,2g pro Suchanfrage liegen.<\/span><\/li>\n<li>Viele unserer Partner haben im erheblichem Umfang eigene Klimaschutzantregungen umgesetzt, betreiben <strong>CO2-neutrale Datenzentren<\/strong> oder \u2013 wie bei den Fernreisen der Deutschen Bahn \u2013 betreiben ihre Z\u00fcge mit <strong>\u00d6kostrom<\/strong>. Wir ignorieren dies und gleichen die Emissionen aus, als ob sie bei uns angefallen w\u00e4ren.<\/li>\n<\/ul>\n<p>Die so ermittelten CO2-Emissionen seit unserer Gr\u00fcndung 2019 liegen bei <strong>68 Tonnen<\/strong>. Diesen stehen Klimaschutzbeitr\u00e4ge in H\u00f6he von <strong>72 Tonnen<\/strong> CO2 entgegen. Die im Rahmen unseres GOOD Portfolios unterst\u00fctzen innovativen Klimaschutzprojekte wie die Solarcontainer von Africa Green Tec oder die mobilen Solarkioske in Ruanda lassen wir in unserer Betrachtung au\u00dfen vor, da wir nur extern verifizierte Beitr\u00e4ge in die Berechnung aufnehmen. Wir bauen so an vielen Stellen Puffer ein, die unsere Klimaneutralit\u00e4t auch dann sicherstellen sollen, falls eines der von uns unterst\u00fctzen Klimaschutzprojekte nicht in vollem Umfange das liefern sollte wie geplant<\/p>\n<\/div>\n<\/div>\n<\/div>\n\n<div id=\"cmsmasters_button_69e1e007aa0776_15886961\" class=\"button_wrap\"><a href=\"https:\/\/good-search.org\/about\/wp-content\/uploads\/2024\/06\/202406_CO2_Bilanz_GOOD_Search-lifetime.pdf\" class=\"cmsmasters_button\" target=\"_blank\"><span>CO2 Bilanz (PDF)<\/span><\/a><\/div>\n<\/div>\n<div class=\"cmsmasters_column one_fourth\">\n<div class=\"aligncenter\">\n<div class=\"cmsmasters_img  cmsmasters_image_c\">\n<img decoding=\"async\" src=\"https:\/\/good-search.org\/about\/wp-content\/uploads\/2023\/09\/co2-bilanz-good-2022-234x300.jpg\" \/>\n<\/div>\n<\/div>\n<\/div>\n<\/div>\n<\/div>\n<\/div>\n<\/div>\n<\/div>\n<div id=\"cmsmasters_row_69e1e007aa2433_50805437\" class=\"cmsmasters_row cmsmasters_color_scheme_default cmsmasters_row_top_default cmsmasters_row_bot_default cmsmasters_row_boxed\">\n<div class=\"cmsmasters_row_outer_parent\">\n<div class=\"cmsmasters_row_outer\">\n<div class=\"cmsmasters_row_inner\">\n<div class=\"cmsmasters_row_margin\">\n<div class=\"cmsmasters_column one_third\">\n\n<div id=\"cmsmasters_heading_69e1e007aa2e82_71575633\" class=\"cmsmasters_heading_wrap cmsmasters_heading_align_left\">\n\t<h3 class=\"cmsmasters_heading\">EXKURS<\/h3>\n<\/div><div class=\"cmsmasters_text\">\n<h2><b>Wie CO2-intensiv ist eine GOOD Suche?<\/b><\/h2>\n<p><span style=\"font-weight: 400\">Eine Suchanfrage mit GOOD ben\u00f6tigt verh\u00e4ltnism\u00e4\u00dfig wenig Energie. Die direkt zurechenbaren Emissionen liegen bei 0,2g. Wenn man zus\u00e4tzlich die Speicherung und Indizierung inkludiert und auf die Anzahl der Suchanfragen umlegt, kommt man gro\u00dfz\u00fcgig gerechnet auf bis zu 1,45g pro Suchanfrage. Im Gegensatz dazu sind beispielsweise das Streamen von Videos (Netflix, Instagram) oder Telkos (Zoom, Teams, FaceTime etc.) der viel gr\u00f6\u00dfere Energiefresser:<\/span><\/p>\n<\/div>\n<\/div>\n<div class=\"cmsmasters_column two_third\">\n\n<div id=\"cmsmasters_divider_69e1e007aa3a21_60064515\" class=\"cl\"><\/div>\n<div class=\"aligncenter\">\n<div class=\"cmsmasters_img  cmsmasters_image_c\">\n<img decoding=\"async\" src=\"https:\/\/good-search.org\/about\/wp-content\/uploads\/2023\/09\/co2-2.png\" \/>\n<\/div>\n<\/div>\n\n\n<div id=\"cmsmasters_divider_69e1e007aa49e5_20721102\" class=\"cl\"><\/div>\n<div class=\"cmsmasters_text\">\n<p style=\"font-size: 12px;line-height: 13px;text-align: left;padding-left: 60px\">CO2-Verbrauch ist abh\u00e4ngig von: Herkunft Strom (Wasser \/ Solar \/ Atom etc.), Internetverbidung (DSL \/ Glasfaser \/ Mobile: UMTS, 5G etc.), Eigenschaften Auto (Gr\u00f6\u00dfe, Modell etc.), Herkunft und Aufzucht Tier, Methode Produktion<\/p>\n<\/div>\n<\/div>\n<\/div>\n<\/div>\n<\/div>\n<\/div>\n<\/div>\n<div id=\"cmsmasters_row_69e1e007aa4fb3_67273717\" class=\"cmsmasters_row cmsmasters_color_scheme_default cmsmasters_row_top_default cmsmasters_row_bot_default cmsmasters_row_boxed\">\n<div class=\"cmsmasters_row_outer_parent\">\n<div class=\"cmsmasters_row_outer\">\n<div class=\"cmsmasters_row_inner\">\n<div class=\"cmsmasters_row_margin\">\n<div class=\"cmsmasters_column one_half\">\n\n<div id=\"cmsmasters_heading_69e1e007aa6595_32940335\" class=\"cmsmasters_heading_wrap cmsmasters_heading_align_left\">\n\t<h3 class=\"cmsmasters_heading\">KLIMASCHUTZBEITR\u00c4GE 2019 &#8211; 2023<\/h3>\n<\/div><div class=\"cmsmasters_text\">\n<h2 style=\"text-align: left\">Regenwaldschutz im Amazonas<\/h2>\n<\/div>\n<div id=\"cmsmasters_fb_69e1e007aa6b42_00576832\" class=\"cmsmasters_featured_block\">\n<div class=\"featured_block_inner\">\n<div class=\"featured_block_text\">\n<p><span style=\"font-weight: 400\">Den Ausgleich unserer Emissionen seit unserer Gr\u00fcndung bis Ende 2023 haben wir \u00fcber die Unterst\u00fctzung von Regenwaldschutzprojekten im Amazonasbecken realisiert. Wir haben uns die Entscheidung nicht leicht gemacht, da wir bei externen Projekten nicht alle Variablen kontrollieren k\u00f6nnen und die Kontrollmechanismen f\u00fcr freiwillige CO2 Ausgleichsprojekte keine vollst\u00e4ndige Garantie geben. Es handelt zun\u00e4chst um zwei Projekte, deren Entwicklung wir seit l\u00e4ngerem verfolgen und deren Projektverantwortliche wir pers\u00f6nlich kennenlernen und wertsch\u00e4tzen k\u00f6nnten. Wir kenne daher die Hintergr\u00fcnde, Erfolge und Herausforderungen sehr genau. Wir werden hier demn\u00e4chst weitere Informationen aufbereiten. Die Karte rechts zeigt die Umrisse von Jacund\u00e1, dem ersten der Projekte.\u00a0<\/span><\/p>\n<\/div>\n<\/div>\n<\/div>\n<div id=\"cmsmasters_fb_69e1e007aa6f94_55209918\" class=\"cmsmasters_featured_block\">\n<div class=\"featured_block_inner\">\n<div class=\"featured_block_text\">\n<p><span style=\"font-weight: 400\">Das Projekt ist unter anderem mit dem Community Climate und Biodiversity Standard zertifiziert und wurde \u2013 eine Rarit\u00e4t in Brasilien \u2013 gemeinsam mit den Kleinbauern und nicht mit den Gro\u00dfgrundbesitzern entwickelt. <\/span><\/p>\n<\/div>\n<\/div>\n<\/div>\n<\/div>\n<div class=\"cmsmasters_column one_half\">\n<div class=\"cmsmasters_text\">\n<p><img loading=\"lazy\" decoding=\"async\" class=\"alignnone size-full wp-image-14347\" src=\"https:\/\/good-search.org\/about\/wp-content\/uploads\/2023\/12\/good-search.jpg\" alt=\"\" width=\"947\" height=\"692\" srcset=\"https:\/\/good-search.org\/about\/wp-content\/uploads\/2023\/12\/good-search.jpg 947w, https:\/\/good-search.org\/about\/wp-content\/uploads\/2023\/12\/good-search-300x219.jpg 300w, https:\/\/good-search.org\/about\/wp-content\/uploads\/2023\/12\/good-search-768x561.jpg 768w, https:\/\/good-search.org\/about\/wp-content\/uploads\/2023\/12\/good-search-580x424.jpg 580w, https:\/\/good-search.org\/about\/wp-content\/uploads\/2023\/12\/good-search-860x628.jpg 860w\" sizes=\"(max-width: 947px) 100vw, 947px\" \/><\/p>\n<\/div>\n<\/div>\n<\/div>\n<\/div>\n<\/div>\n<\/div>\n<\/div>\n<div id=\"cmsmasters_row_69e1e007aa81b6_63461787\" class=\"cmsmasters_row cmsmasters_color_scheme_default cmsmasters_row_top_default cmsmasters_row_bot_default cmsmasters_row_boxed\">\n<div class=\"cmsmasters_row_outer_parent\">\n<div class=\"cmsmasters_row_outer\">\n<div class=\"cmsmasters_row_inner\">\n<div class=\"cmsmasters_row_margin\">\n<div class=\"cmsmasters_column one_first\">\n\n<div id=\"cmsmasters_heading_69e1e007aa9248_93320150\" class=\"cmsmasters_heading_wrap cmsmasters_heading_align_center\">\n\t<h2 class=\"cmsmasters_heading\">Noch Fragen?<\/h2>\n<\/div><div id=\"cmsmasters_fb_69e1e007aa9455_73942123\" class=\"cmsmasters_featured_block\">\n<div class=\"featured_block_inner\">\n<div class=\"featured_block_text\">\n<p style=\"text-align: center\"><span style=\"font-weight: 400;color: #ffffff\">Wir freuen uns, von dir zu h\u00f6ren!<\/span><\/p>\n<\/div>\n<\/div>\n<\/div>\n<\/div>\n<\/div>\n<\/div>\n<\/div>\n<\/div>\n<\/div>\n<div id=\"cmsmasters_row_69e1e007aa97d0_72590710\" class=\"cmsmasters_row cmsmasters_color_scheme_default cmsmasters_row_top_default cmsmasters_row_bot_default cmsmasters_row_boxed\">\n<div class=\"cmsmasters_row_outer_parent\">\n<div class=\"cmsmasters_row_outer\">\n<div class=\"cmsmasters_row_inner\">\n<div class=\"cmsmasters_row_margin\">\n<div class=\"cmsmasters_column one_first\">\n\n<div id=\"cmsmasters_button_69e1e007aaa385_18600234\" class=\"button_wrap\"><a href=\"https:\/\/good-search.org\/about\/kontakt\/\" class=\"cmsmasters_button\"><span>Kontakt<\/span><\/a><\/div>\n<\/div>\n<\/div>\n<\/div>\n<\/div>\n<\/div>\n<\/div>\n\n","protected":false},"excerpt":{"rendered":"","protected":false},"author":1,"featured_media":0,"parent":0,"menu_order":0,"comment_status":"closed","ping_status":"closed","template":"","meta":{"_acf_changed":false,"footnotes":""},"acf":[],"_links":{"self":[{"href":"https:\/\/good-search.org\/about\/wp-json\/wp\/v2\/pages\/13880"}],"collection":[{"href":"https:\/\/good-search.org\/about\/wp-json\/wp\/v2\/pages"}],"about":[{"href":"https:\/\/good-search.org\/about\/wp-json\/wp\/v2\/types\/page"}],"author":[{"embeddable":true,"href":"https:\/\/good-search.org\/about\/wp-json\/wp\/v2\/users\/1"}],"replies":[{"embeddable":true,"href":"https:\/\/good-search.org\/about\/wp-json\/wp\/v2\/comments?post=13880"}],"version-history":[{"count":104,"href":"https:\/\/good-search.org\/about\/wp-json\/wp\/v2\/pages\/13880\/revisions"}],"predecessor-version":[{"id":15527,"href":"https:\/\/good-search.org\/about\/wp-json\/wp\/v2\/pages\/13880\/revisions\/15527"}],"wp:attachment":[{"href":"https:\/\/good-search.org\/about\/wp-json\/wp\/v2\/media?parent=13880"}],"curies":[{"name":"wp","href":"https:\/\/api.w.org\/{rel}","templated":true}]}}