{"id":13655,"date":"2023-08-10T12:04:27","date_gmt":"2023-08-10T12:04:27","guid":{"rendered":"https:\/\/good-search.org\/about\/?page_id=13655"},"modified":"2024-11-27T12:23:19","modified_gmt":"2024-11-27T12:23:19","slug":"good-supporter","status":"publish","type":"page","link":"https:\/\/good-search.org\/about\/good-supporter\/","title":{"rendered":"GOOD Supporter:in"},"content":{"rendered":"<style type=\"text\/css\"> \n#cmsmasters_row_69e1decd0579b2_90313884 { \n\tbackground-color:#ffffff;\n\tbackground-image: url(https:\/\/good-search.org\/about\/wp-content\/uploads\/2022\/10\/good-search-impact.jpg); \n\tbackground-position: bottom right; \n\tbackground-repeat: no-repeat; \n\tbackground-attachment: scroll; \n\tbackground-size: contain; \n} \n\n#cmsmasters_row_69e1decd0579b2_90313884 .cmsmasters_row_outer_parent { \n\tpadding-top: 0px; \n} \n\n#cmsmasters_row_69e1decd0579b2_90313884 .cmsmasters_row_outer_parent { \n\tpadding-bottom: 0px; \n} \n\n \n#cmsmasters_heading_69e1decd05a2b0_52152759 { \n\ttext-align:left; \n\tmargin-top:0px; \n\tmargin-bottom:20px; \n} \n\n#cmsmasters_heading_69e1decd05a2b0_52152759 .cmsmasters_heading { \n\ttext-align:left; \n} \n\n#cmsmasters_heading_69e1decd05a2b0_52152759 .cmsmasters_heading, #cmsmasters_heading_69e1decd05a2b0_52152759 .cmsmasters_heading a { \n\tfont-size:15px; \n\tline-height:40px; \n\tfont-weight:300; \n\tfont-style:normal; \n\tcolor:#000000;\n} \n\n#cmsmasters_heading_69e1decd05a2b0_52152759 .cmsmasters_heading_divider { \n} \n\n \n#cmsmasters_heading_69e1decd05a787_02455654 { \n\ttext-align:left; \n\tmargin-top:0px; \n\tmargin-bottom:20px; \n} \n\n#cmsmasters_heading_69e1decd05a787_02455654 .cmsmasters_heading { \n\ttext-align:left; \n} \n\n#cmsmasters_heading_69e1decd05a787_02455654 .cmsmasters_heading, #cmsmasters_heading_69e1decd05a787_02455654 .cmsmasters_heading a { \n\tfont-size:35px; \n\tline-height:40px; \n\tfont-weight:600; \n\tfont-style:normal; \n\tcolor:#22bd92;\n} \n\n#cmsmasters_heading_69e1decd05a787_02455654 .cmsmasters_heading_divider { \n} \n\n \n\n#cmsmasters_fb_69e1decd05c3a4_78606056 { \n\tpadding-top:0px; \n\tpadding-bottom:0px; \n\tbackground-color:rgba(204,204,204,0);\n} \n\n#cmsmasters_fb_69e1decd05c3a4_78606056 .featured_block_inner { \n\twidth: 100%; \n\tpadding: 20% 0px 0px 0px;; \n\ttext-align: left; \n\tmargin:0 auto; \n} \n\n#cmsmasters_fb_69e1decd05c3a4_78606056 .featured_block_text { \n\ttext-align: left; \n} \n\n \n#cmsmasters_row_69e1decd05c6d3_23385440 { \n\tbackground-color:#f8f8f8;\n} \n\n#cmsmasters_row_69e1decd05c6d3_23385440 .cmsmasters_row_outer_parent { \n\tpadding-top: 50px; \n} \n\n#cmsmasters_row_69e1decd05c6d3_23385440 .cmsmasters_row_outer_parent { \n\tpadding-bottom: 50px; \n} \n\n \n\n#cmsmasters_fb_69e1decd05d873_50471297 { \n\tpadding-top:0px; \n\tpadding-bottom:0px; \n} \n\n#cmsmasters_fb_69e1decd05d873_50471297 .featured_block_inner { \n\twidth: 80%; \n\tpadding: ; \n\ttext-align: left; \n\tfloat:left; \n} \n\n#cmsmasters_fb_69e1decd05d873_50471297 .featured_block_text { \n\ttext-align: left; \n} \n\n<\/style><div id=\"cmsmasters_row_69e1decd0579b2_90313884\" class=\"cmsmasters_row cmsmasters_color_scheme_default cmsmasters_row_top_default cmsmasters_row_bot_default cmsmasters_row_boxed\">\n<div class=\"cmsmasters_row_outer_parent\">\n<div class=\"cmsmasters_row_outer\">\n<div class=\"cmsmasters_row_inner\">\n<div class=\"cmsmasters_row_margin\">\n<div class=\"cmsmasters_column one_half gross\">\n\n<div id=\"cmsmasters_heading_69e1decd05a2b0_52152759\" class=\"cmsmasters_heading_wrap cmsmasters_heading_align_left\">\n\t<h1 class=\"cmsmasters_heading\">UNTERST\u00dcTZE UNS<\/h1>\n<\/div>\n<div id=\"cmsmasters_heading_69e1decd05a787_02455654\" class=\"cmsmasters_heading_wrap cmsmasters_heading_align_left\">\n\t<h1 class=\"cmsmasters_heading\">Wir wollen gemeinsam mit dir eine bessere Zukunft gestalten<\/h1>\n<\/div><div class=\"cmsmasters_text\">\n<p class=\"p1\"><span style=\"font-weight: 400;\">Werde jetzt GOOD Supporter:in! Mit deinem Beitrag kannst du unsere Arbeit f\u00fcr eine bessere Welt unterst\u00fctzen.<\/span><\/p>\n<\/div>\n<\/div>\n<div class=\"cmsmasters_column one_half\">\n<div id=\"cmsmasters_fb_69e1decd05c3a4_78606056\" class=\"cmsmasters_featured_block\">\n<div class=\"featured_block_inner\">\n<div class=\"featured_block_text\"><p><\/p>\n<\/div>\n<\/div>\n<\/div>\n<\/div>\n<\/div>\n<\/div>\n<\/div>\n<\/div>\n<\/div>\n<div id=\"cmsmasters_row_69e1decd05c6d3_23385440\" class=\"cmsmasters_row cmsmasters_color_scheme_default cmsmasters_row_top_default cmsmasters_row_bot_default cmsmasters_row_boxed\">\n<div class=\"cmsmasters_row_outer_parent\">\n<div class=\"cmsmasters_row_outer\">\n<div class=\"cmsmasters_row_inner\">\n<div class=\"cmsmasters_row_margin\">\n<div class=\"cmsmasters_column one_third\">\n<div class=\"custom_html\">\n<p><script src=\"https:\/\/donorbox.org\/widget.js\" paypalExpress=\"true\"><\/script><iframe loading=\"lazy\" src=\"https:\/\/donorbox.org\/embed\/good-supporter-1?default_interval=m&hide_donation_meter=true\" name=\"donorbox\" allowpaymentrequest=\"allowpaymentrequest\" seamless=\"seamless\" frameborder=\"0\" scrolling=\"no\" height=\"900px\" width=\"100%\" style=\"max-width: 500px; min-width: 250px; max-height:none!important\"><\/iframe>\n<\/div>\n<\/div>\n<div class=\"cmsmasters_column two_third\">\n<div id=\"cmsmasters_fb_69e1decd05d873_50471297\" class=\"cmsmasters_featured_block\">\n<div class=\"featured_block_inner\">\n<div class=\"featured_block_text\">\n<h2><span style=\"color: #4726bf;\"><strong>Werde GOOD Supporter<\/strong><\/span><\/h2>\n<p>Wenn du aber in der Lage bist uns finanziell zu unterst\u00fctzen, sind hier drei Gr\u00fcnde warum das eine gute Idee ist:<\/p>\n<ol>\n<li>Wir unterst\u00fctzen jeden Monat ein Projekt, das mit einer innovativen L\u00f6sung einen Beitrag zu den 17 UN-Nachhaltigkeitszielen (SDGs) leistet.<\/li>\n<li>Wir sind ein kleines unabh\u00e4ngiges Team ohne gro\u00dfen Investor oder \u00e4hnliches. Dein Geld flie\u00dft direkt in unsere Arbeit.<\/li>\n<li>Es kostet nicht viel und dauert nicht einmal eine Minute!<\/li>\n<\/ol>\n<p>Egal ob kleiner oder gro\u00dfer Betrag \u2013 Werde jetzt Teil unserer Mission! Wenn du kannst, unterst\u00fctze uns zum Beispiel mit einem\u00a0<strong>monatlichen Beitrag von 5 Euro<\/strong>. Du hast das in einer Minute eingerichtet und kannst dir sicher sein, dass du ab sofort jeden Monat einen positiven Beitrag leistest! \u2764\ufe0f<\/p>\n<\/div>\n<\/div>\n<\/div>\n<\/div>\n<\/div>\n<\/div>\n<\/div>\n<\/div>\n<\/div>\n\n","protected":false},"excerpt":{"rendered":"","protected":false},"author":1,"featured_media":0,"parent":0,"menu_order":0,"comment_status":"closed","ping_status":"closed","template":"","meta":{"_acf_changed":false,"footnotes":""},"acf":[],"_links":{"self":[{"href":"https:\/\/good-search.org\/about\/wp-json\/wp\/v2\/pages\/13655"}],"collection":[{"href":"https:\/\/good-search.org\/about\/wp-json\/wp\/v2\/pages"}],"about":[{"href":"https:\/\/good-search.org\/about\/wp-json\/wp\/v2\/types\/page"}],"author":[{"embeddable":true,"href":"https:\/\/good-search.org\/about\/wp-json\/wp\/v2\/users\/1"}],"replies":[{"embeddable":true,"href":"https:\/\/good-search.org\/about\/wp-json\/wp\/v2\/comments?post=13655"}],"version-history":[{"count":23,"href":"https:\/\/good-search.org\/about\/wp-json\/wp\/v2\/pages\/13655\/revisions"}],"predecessor-version":[{"id":15494,"href":"https:\/\/good-search.org\/about\/wp-json\/wp\/v2\/pages\/13655\/revisions\/15494"}],"wp:attachment":[{"href":"https:\/\/good-search.org\/about\/wp-json\/wp\/v2\/media?parent=13655"}],"curies":[{"name":"wp","href":"https:\/\/api.w.org\/{rel}","templated":true}]}}